{"id":922,"date":"2025-11-16T09:18:06","date_gmt":"2025-11-16T09:18:06","guid":{"rendered":"https:\/\/varhany.jindrichovice.cz\/?page_id=922"},"modified":"2025-11-16T09:28:22","modified_gmt":"2025-11-16T09:28:22","slug":"de-die-orgel","status":"publish","type":"page","link":"https:\/\/varhany.jindrichovice.cz\/?page_id=922","title":{"rendered":"Die Orgel"},"content":{"rendered":"<h2>Die Orgel, die sich selbst treu geblieben ist<\/h2>\n<p>Die heutige Orgel in der Dreifaltigkeitskirche in Jind\u0159ichovice pod Smrkem, ehemals Heinersdorf an der Tafelfichte, ist nicht nur ein eindrucksvolles Musikinstrument, sondern auch ein wertvolles Zeugnis des geistlichen Lebens und der Handwerkskunst ihrer Zeit.<\/p>\n<p><a href=\"https:\/\/varhany.jindrichovice.cz\/wp-content\/uploads\/2025\/11\/MF3_8567-scaled.jpg\"><img fetchpriority=\"high\" decoding=\"async\" class=\"aligncenter size-large wp-image-927\" src=\"https:\/\/varhany.jindrichovice.cz\/wp-content\/uploads\/2025\/11\/MF3_8567-1024x683.jpg\" alt=\"\" width=\"1024\" height=\"683\" \/><\/a><\/p>\n<p>Sie fand Einzug in die Kirche im Jahre <strong>1889<\/strong> durch eine gro\u00dfz\u00fcgige Spende des damals in Heinersdorf ans\u00e4ssigen Gro\u00dfindustriellen Felix Heintschel. Die damaligen Kosten beliefen sich auf 1850 \u00d6sterreichische Gulden. Gefertigt wurde sie von der renommierten <strong>Firma Gebr\u00fcder Rieger aus J\u00e4gerndorf<\/strong>, heute Krnov, die hochwertige Orgeln in alle Welt lieferte. Die Jind\u0159ichovicer Orgel ist ein mechanisches Instrument mit einem konischen Windkasten und einer Pedalschublade. Das Orgelgeh\u00e4use besteht aus einer einteiligen, wei\u00df lackierten Holzkonstruktion in pseudobarocker Optik mit goldbemalten Schnitzereien und einem separat stehenden Spieltisch mit Blick zum Altar. Die beiden \u00e4u\u00dferen T\u00fcrme fassen je sieben Orgelpfeifen, die beiden kleineren, zentralen Felder haben jeweils neun Pfeifen. Die Orgel besitzt mehrere Register, wie Principal 8&#8242;, Salicional 8&#8242;, Octave 4&#8242;, 3x Mixtur und Subbass 16&#8242;. Die Pedal- und Manualteile sind durch einen mechanischen Zug miteinander verbunden, und die Luft wird durch ein elektrisches Gebl\u00e4se eingeblasen.<\/p>\n<p>Das Instrument wurde laut historischen Aufzeichnungen nur einmal im M\u00e4rz 1922 f\u00fcr 5500 Kronen von der damaligen Orgelbaufirma Schuster in Zittau repariert und gestimmt. Das Geld kam durch freiwillige Spenden der Dorfbewohner zusammen. Nachweise dar\u00fcber, dass Eingriffe in die Konstruktion oder den Austausch von Registern stattfanden, gibt es nicht. Dies ist sicher auch der Grund f\u00fcr den derzeitigen beklagenswerten Zustand der Orgel: verstimmt, stark verschmutzt, hoher Materialverschlei\u00df, schlimme Sch\u00e4den durch aktive Insekten und teilweise Nichtfunktionalit\u00e4t. Andererseits besitzt die Orgel dadurch eine au\u00dfergew\u00f6hnliche Authentizit\u00e4t. Da im Laufe ihres Daseins keine wichtigen Teile ver\u00e4ndert wurden, ist zu erwarten, dass sie nach der fachgerechten Restaurierung wieder so erklingen wird wie zu ihrer Geburtsstunde im Jahre 1889. Somit ist uns ein unver\u00e4ndertes Original erhalten geblieben, das wir weiter pflegen m\u00f6chten.<\/p>\n<p>Im Jahr 2024 wurde beschlossen, die Orgel durch das Familienunternehmen \u017dloutek und Sohn aus Z\u00e1sada vollst\u00e4ndig restaurieren zu lassen. Die Reparatur umfasst die Demontage, die Reinigung, die Reparatur, den Wiederaufbau, die Intonationsanpassung und die endg\u00fcltige Stimmung des Instruments. Die Gesamtkosten belaufen sich auf 720.000 CZK (ca. 28.800 \u20ac) ohne MwSt. Die Gew\u00e4hrleistung f\u00fcr die durchgef\u00fchrten Arbeiten (mit Ausnahme des Stimmens und evtl. Eingriffe durch andere Firmen) betr\u00e4gt 36 Monate.<\/p>\n<p>Die Wiederinbetriebnahme der reparierten und restaurierten Orgel ist f\u00fcr das Jahr 2027 vorgesehen.<\/p>\n<h3>Der traurige Klang unserer entkr\u00e4fteten Orgel<\/h3>\n<p>Und so klingt die Orgel in ihrem derzeitigen Zustand. Sie wird momentan nur selten gespielt, w\u00e4hrend sie auf ihre Restaurierung wartet.<\/p>\n<div style=\"width: 478px;\" class=\"wp-video\"><video class=\"wp-video-shortcode\" id=\"video-922-1\" width=\"478\" height=\"850\" preload=\"metadata\" controls=\"controls\"><source type=\"video\/mp4\" src=\"https:\/\/varhany.jindrichovice.cz\/wp-content\/uploads\/2025\/11\/VID-20250907-WA0014.mp4?_=1\" \/><a href=\"https:\/\/varhany.jindrichovice.cz\/wp-content\/uploads\/2025\/11\/VID-20250907-WA0014.mp4\">https:\/\/varhany.jindrichovice.cz\/wp-content\/uploads\/2025\/11\/VID-20250907-WA0014.mp4<\/a><\/video><\/div>\n","protected":false},"excerpt":{"rendered":"<p>Die Orgel, die sich selbst treu geblieben ist Die heutige Orgel in der Dreifaltigkeitskirche in Jind\u0159ichovice pod Smrkem, ehemals Heinersdorf an der Tafelfichte, ist nicht nur ein eindrucksvolles Musikinstrument, sondern auch ein wertvolles Zeugnis des geistlichen Lebens und der Handwerkskunst ihrer Zeit. Sie fand Einzug in die Kirche im Jahre 1889 durch eine gro\u00dfz\u00fcgige Spende [&hellip;]<\/p>\n","protected":false},"author":2,"featured_media":0,"parent":0,"menu_order":0,"comment_status":"closed","ping_status":"closed","template":"","meta":{"footnotes":""},"class_list":["post-922","page","type-page","status-publish","hentry"],"yoast_head":"<!-- This site is optimized with the Yoast SEO plugin v27.5 - https:\/\/yoast.com\/product\/yoast-seo-wordpress\/ -->\n<title>Die Orgel - Varhany pro Jind\u0159ichovice<\/title>\n<meta name=\"robots\" content=\"index, follow, max-snippet:-1, max-image-preview:large, max-video-preview:-1\" \/>\n<link rel=\"canonical\" href=\"https:\/\/varhany.jindrichovice.cz\/?page_id=922\" \/>\n<meta property=\"og:locale\" content=\"cs_CZ\" \/>\n<meta property=\"og:type\" content=\"article\" \/>\n<meta property=\"og:title\" content=\"Die Orgel - Varhany pro Jind\u0159ichovice\" \/>\n<meta property=\"og:description\" content=\"Die Orgel, die sich selbst treu geblieben ist Die heutige Orgel in der Dreifaltigkeitskirche in Jind\u0159ichovice pod Smrkem, ehemals Heinersdorf an der Tafelfichte, ist nicht nur ein eindrucksvolles Musikinstrument, sondern auch ein wertvolles Zeugnis des geistlichen Lebens und der Handwerkskunst ihrer Zeit. Sie fand Einzug in die Kirche im Jahre 1889 durch eine gro\u00dfz\u00fcgige Spende [&hellip;]\" \/>\n<meta property=\"og:url\" content=\"https:\/\/varhany.jindrichovice.cz\/?page_id=922\" \/>\n<meta property=\"og:site_name\" content=\"Varhany pro Jind\u0159ichovice\" \/>\n<meta property=\"article:publisher\" content=\"https:\/\/www.facebook.com\/profile.php?id=61576751080235\" \/>\n<meta property=\"article:modified_time\" content=\"2025-11-16T09:28:22+00:00\" \/>\n<meta name=\"twitter:card\" content=\"summary_large_image\" \/>\n<meta name=\"twitter:label1\" content=\"Odhadovan\u00e1 doba \u010dten\u00ed\" \/>\n\t<meta name=\"twitter:data1\" content=\"3 minuty\" \/>\n<script type=\"application\/ld+json\" class=\"yoast-schema-graph\">{\"@context\":\"https:\\\/\\\/schema.org\",\"@graph\":[{\"@type\":\"WebPage\",\"@id\":\"https:\\\/\\\/varhany.jindrichovice.cz\\\/?page_id=922\",\"url\":\"https:\\\/\\\/varhany.jindrichovice.cz\\\/?page_id=922\",\"name\":\"Die Orgel - Varhany pro Jind\u0159ichovice\",\"isPartOf\":{\"@id\":\"https:\\\/\\\/varhany.jindrichovice.cz\\\/#website\"},\"primaryImageOfPage\":{\"@id\":\"https:\\\/\\\/varhany.jindrichovice.cz\\\/?page_id=922#primaryimage\"},\"image\":{\"@id\":\"https:\\\/\\\/varhany.jindrichovice.cz\\\/?page_id=922#primaryimage\"},\"thumbnailUrl\":\"https:\\\/\\\/varhany.jindrichovice.cz\\\/wp-content\\\/uploads\\\/2025\\\/11\\\/MF3_8567-1024x683.jpg\",\"datePublished\":\"2025-11-16T09:18:06+00:00\",\"dateModified\":\"2025-11-16T09:28:22+00:00\",\"breadcrumb\":{\"@id\":\"https:\\\/\\\/varhany.jindrichovice.cz\\\/?page_id=922#breadcrumb\"},\"inLanguage\":\"cs\",\"potentialAction\":[{\"@type\":\"ReadAction\",\"target\":[\"https:\\\/\\\/varhany.jindrichovice.cz\\\/?page_id=922\"]}]},{\"@type\":\"ImageObject\",\"inLanguage\":\"cs\",\"@id\":\"https:\\\/\\\/varhany.jindrichovice.cz\\\/?page_id=922#primaryimage\",\"url\":\"\",\"contentUrl\":\"\"},{\"@type\":\"BreadcrumbList\",\"@id\":\"https:\\\/\\\/varhany.jindrichovice.cz\\\/?page_id=922#breadcrumb\",\"itemListElement\":[{\"@type\":\"ListItem\",\"position\":1,\"name\":\"Dom\u016f\",\"item\":\"https:\\\/\\\/varhany.jindrichovice.cz\\\/\"},{\"@type\":\"ListItem\",\"position\":2,\"name\":\"Die Orgel\"}]},{\"@type\":\"WebSite\",\"@id\":\"https:\\\/\\\/varhany.jindrichovice.cz\\\/#website\",\"url\":\"https:\\\/\\\/varhany.jindrichovice.cz\\\/\",\"name\":\"Varhany pro Jind\u0159ichovice\",\"description\":\"adopce varhan\",\"publisher\":{\"@id\":\"https:\\\/\\\/varhany.jindrichovice.cz\\\/#organization\"},\"alternateName\":\"adopce varhan\",\"potentialAction\":[{\"@type\":\"SearchAction\",\"target\":{\"@type\":\"EntryPoint\",\"urlTemplate\":\"https:\\\/\\\/varhany.jindrichovice.cz\\\/?s={search_term_string}\"},\"query-input\":{\"@type\":\"PropertyValueSpecification\",\"valueRequired\":true,\"valueName\":\"search_term_string\"}}],\"inLanguage\":\"cs\"},{\"@type\":\"Organization\",\"@id\":\"https:\\\/\\\/varhany.jindrichovice.cz\\\/#organization\",\"name\":\"Varhany pro Jind\u0159ichovice\",\"url\":\"https:\\\/\\\/varhany.jindrichovice.cz\\\/\",\"logo\":{\"@type\":\"ImageObject\",\"inLanguage\":\"cs\",\"@id\":\"https:\\\/\\\/varhany.jindrichovice.cz\\\/#\\\/schema\\\/logo\\\/image\\\/\",\"url\":\"https:\\\/\\\/varhany.jindrichovice.cz\\\/wp-content\\\/uploads\\\/2025\\\/05\\\/cropped-logo-adopceram.png\",\"contentUrl\":\"https:\\\/\\\/varhany.jindrichovice.cz\\\/wp-content\\\/uploads\\\/2025\\\/05\\\/cropped-logo-adopceram.png\",\"width\":512,\"height\":512,\"caption\":\"Varhany pro Jind\u0159ichovice\"},\"image\":{\"@id\":\"https:\\\/\\\/varhany.jindrichovice.cz\\\/#\\\/schema\\\/logo\\\/image\\\/\"},\"sameAs\":[\"https:\\\/\\\/www.facebook.com\\\/profile.php?id=61576751080235\"]}]}<\/script>\n<!-- \/ Yoast SEO plugin. -->","yoast_head_json":{"title":"Die Orgel - Varhany pro Jind\u0159ichovice","robots":{"index":"index","follow":"follow","max-snippet":"max-snippet:-1","max-image-preview":"max-image-preview:large","max-video-preview":"max-video-preview:-1"},"canonical":"https:\/\/varhany.jindrichovice.cz\/?page_id=922","og_locale":"cs_CZ","og_type":"article","og_title":"Die Orgel - Varhany pro Jind\u0159ichovice","og_description":"Die Orgel, die sich selbst treu geblieben ist Die heutige Orgel in der Dreifaltigkeitskirche in Jind\u0159ichovice pod Smrkem, ehemals Heinersdorf an der Tafelfichte, ist nicht nur ein eindrucksvolles Musikinstrument, sondern auch ein wertvolles Zeugnis des geistlichen Lebens und der Handwerkskunst ihrer Zeit. Sie fand Einzug in die Kirche im Jahre 1889 durch eine gro\u00dfz\u00fcgige Spende [&hellip;]","og_url":"https:\/\/varhany.jindrichovice.cz\/?page_id=922","og_site_name":"Varhany pro Jind\u0159ichovice","article_publisher":"https:\/\/www.facebook.com\/profile.php?id=61576751080235","article_modified_time":"2025-11-16T09:28:22+00:00","twitter_card":"summary_large_image","twitter_misc":{"Odhadovan\u00e1 doba \u010dten\u00ed":"3 minuty"},"schema":{"@context":"https:\/\/schema.org","@graph":[{"@type":"WebPage","@id":"https:\/\/varhany.jindrichovice.cz\/?page_id=922","url":"https:\/\/varhany.jindrichovice.cz\/?page_id=922","name":"Die Orgel - Varhany pro Jind\u0159ichovice","isPartOf":{"@id":"https:\/\/varhany.jindrichovice.cz\/#website"},"primaryImageOfPage":{"@id":"https:\/\/varhany.jindrichovice.cz\/?page_id=922#primaryimage"},"image":{"@id":"https:\/\/varhany.jindrichovice.cz\/?page_id=922#primaryimage"},"thumbnailUrl":"https:\/\/varhany.jindrichovice.cz\/wp-content\/uploads\/2025\/11\/MF3_8567-1024x683.jpg","datePublished":"2025-11-16T09:18:06+00:00","dateModified":"2025-11-16T09:28:22+00:00","breadcrumb":{"@id":"https:\/\/varhany.jindrichovice.cz\/?page_id=922#breadcrumb"},"inLanguage":"cs","potentialAction":[{"@type":"ReadAction","target":["https:\/\/varhany.jindrichovice.cz\/?page_id=922"]}]},{"@type":"ImageObject","inLanguage":"cs","@id":"https:\/\/varhany.jindrichovice.cz\/?page_id=922#primaryimage","url":"","contentUrl":""},{"@type":"BreadcrumbList","@id":"https:\/\/varhany.jindrichovice.cz\/?page_id=922#breadcrumb","itemListElement":[{"@type":"ListItem","position":1,"name":"Dom\u016f","item":"https:\/\/varhany.jindrichovice.cz\/"},{"@type":"ListItem","position":2,"name":"Die Orgel"}]},{"@type":"WebSite","@id":"https:\/\/varhany.jindrichovice.cz\/#website","url":"https:\/\/varhany.jindrichovice.cz\/","name":"Varhany pro Jind\u0159ichovice","description":"adopce varhan","publisher":{"@id":"https:\/\/varhany.jindrichovice.cz\/#organization"},"alternateName":"adopce varhan","potentialAction":[{"@type":"SearchAction","target":{"@type":"EntryPoint","urlTemplate":"https:\/\/varhany.jindrichovice.cz\/?s={search_term_string}"},"query-input":{"@type":"PropertyValueSpecification","valueRequired":true,"valueName":"search_term_string"}}],"inLanguage":"cs"},{"@type":"Organization","@id":"https:\/\/varhany.jindrichovice.cz\/#organization","name":"Varhany pro Jind\u0159ichovice","url":"https:\/\/varhany.jindrichovice.cz\/","logo":{"@type":"ImageObject","inLanguage":"cs","@id":"https:\/\/varhany.jindrichovice.cz\/#\/schema\/logo\/image\/","url":"https:\/\/varhany.jindrichovice.cz\/wp-content\/uploads\/2025\/05\/cropped-logo-adopceram.png","contentUrl":"https:\/\/varhany.jindrichovice.cz\/wp-content\/uploads\/2025\/05\/cropped-logo-adopceram.png","width":512,"height":512,"caption":"Varhany pro Jind\u0159ichovice"},"image":{"@id":"https:\/\/varhany.jindrichovice.cz\/#\/schema\/logo\/image\/"},"sameAs":["https:\/\/www.facebook.com\/profile.php?id=61576751080235"]}]}},"_links":{"self":[{"href":"https:\/\/varhany.jindrichovice.cz\/index.php?rest_route=\/wp\/v2\/pages\/922","targetHints":{"allow":["GET"]}}],"collection":[{"href":"https:\/\/varhany.jindrichovice.cz\/index.php?rest_route=\/wp\/v2\/pages"}],"about":[{"href":"https:\/\/varhany.jindrichovice.cz\/index.php?rest_route=\/wp\/v2\/types\/page"}],"author":[{"embeddable":true,"href":"https:\/\/varhany.jindrichovice.cz\/index.php?rest_route=\/wp\/v2\/users\/2"}],"replies":[{"embeddable":true,"href":"https:\/\/varhany.jindrichovice.cz\/index.php?rest_route=%2Fwp%2Fv2%2Fcomments&post=922"}],"version-history":[{"count":4,"href":"https:\/\/varhany.jindrichovice.cz\/index.php?rest_route=\/wp\/v2\/pages\/922\/revisions"}],"predecessor-version":[{"id":928,"href":"https:\/\/varhany.jindrichovice.cz\/index.php?rest_route=\/wp\/v2\/pages\/922\/revisions\/928"}],"wp:attachment":[{"href":"https:\/\/varhany.jindrichovice.cz\/index.php?rest_route=%2Fwp%2Fv2%2Fmedia&parent=922"}],"curies":[{"name":"wp","href":"https:\/\/api.w.org\/{rel}","templated":true}]}}