{"id":662,"date":"2025-06-21T08:57:04","date_gmt":"2025-06-21T08:57:04","guid":{"rendered":"https:\/\/varhany.jindrichovice.cz\/?page_id=662"},"modified":"2025-07-22T10:37:26","modified_gmt":"2025-07-22T10:37:26","slug":"pl","status":"publish","type":"page","link":"https:\/\/varhany.jindrichovice.cz\/?page_id=662","title":{"rendered":"PL"},"content":{"rendered":"<h2><strong>Adopcja piszcza\u0142ki<\/strong><\/h2>\n<h3><strong>Obud\u017amy wsp\u00f3lnie dusz\u0119 naszego ko\u015bcio\u0142a<\/strong><\/h3>\n<p>Na p\u00f3\u0142nocnych granicach Republiki Czeskiej, w regionie Fr\u00fddlant, w zak\u0105tku Ziemi Libereckiej, na samym pocz\u0105tku \u015bwiata, znajduje si\u0119 miejscowo\u015b\u0107 Jind\u0159ichovice pod Smrkem. W jego centrum znajduje si\u0119 Ko\u015bci\u00f3\u0142 \u015awi\u0119tej Tr\u00f3jcy, w kt\u00f3rym ukryty jest milcz\u0105cy od lat instrument muzyczny, kt\u00f3rego dobro le\u017cy nam na sercu. Organy, kt\u00f3re pragn\u0105 na nowo sta\u0107 si\u0119 dusz\u0105 ko\u015bcio\u0142a, tak jak dzwon jest jego sercem.<\/p>\n<p>\u015awietn\u0105 okazj\u0105 dla organ\u00f3w z Jind\u0159ichovic mo\u017ce okaza\u0107 si\u0119 projekt \u201eZaadoptuj piszcza\u0142k\u0119\u201d, w kt\u00f3rym postanowi\u0142a wzi\u0105\u0107 udzia\u0142 gmina Jind\u0159ichovice pod Smrkem. Witamy na stronie, na kt\u00f3rej Ty r\u00f3wnie\u017c mo\u017cesz to zrobi\u0107 &#8211;\u00a0 obj\u0105\u0107 patronatem konkretn\u0105 piszcza\u0142k\u0119 i ocali\u0107 ten muzyczny skarb i przywr\u00f3ci\u0107 mu dawn\u0105 \u015bwietno\u015b\u0107.<\/p>\n<p><a href=\"https:\/\/varhany.jindrichovice.cz\/wp-content\/uploads\/2025\/06\/MF3_7658-1-scaled.jpg\"><img fetchpriority=\"high\" decoding=\"async\" class=\"aligncenter wp-image-671 size-large\" src=\"https:\/\/varhany.jindrichovice.cz\/wp-content\/uploads\/2025\/06\/MF3_7658-1-1024x602.jpg\" alt=\"\" width=\"1024\" height=\"602\" \/><\/a><\/p>\n<h2><strong>Jak sta\u0107 si\u0119 patronem piszcza\u0142ki?<\/strong><\/h2>\n<p>Zwierz\u0119, nawet hipopotam, kawa\u0142ek gruntu w Szkocji, w tym ceg\u0142a z pobliskiego zamku, ludzkie \u017cycie gdzie\u015b w Afryce. Adopcja sta\u0142a si\u0119 wspania\u0142ym sposobem na uratowanie czego\u015b, co bez wsp\u00f3\u0142pracy i pomocy pozosta\u0142oby czasem ca\u0142kowicie zapomniane. Tak w\u0142a\u015bnie mo\u017ce si\u0119 sta\u0107 z organami w Ko\u015bciele \u015awi\u0119tej Tr\u00f3jcy.<\/p>\n<p><strong>Poprzez adopcj\u0119 piszcza\u0142ki stajesz si\u0119 tak\u017ce jej patronem. <\/strong><strong>W\u0142a\u015bcicielem organ\u00f3w, podobnie jak ca\u0142ego ko\u015bcio\u0142a Tr\u00f3jcy \u015awi\u0119tej, pozostaje Gmina Jind\u0159ichovice pod Smrkem.<\/strong><\/p>\n<p>Po naci\u015bni\u0119ciu na \u017c\u00f3\u0142ty przycisk\u00a0 <span style=\"color: #ffcc00;\"><strong><a style=\"color: #ffcc00;\" href=\"https:\/\/adoptuj-varhany.jindrichovice.cz\/\" target=\"_blank\" rel=\"noopener\">CHC\u0118 ZAADAPTOWA\u0106 PISZCZA\u0141K\u0118<\/a> <\/strong><\/span>wybierz piszcza\u0142k\u0119 z przejrzystej tabeli.<\/p>\n<p><strong>Do wyboru s\u0105 kwoty 500 CZK \/ 1.000 CZK \/ 1.500 CZK \/ 2.000 CZK \/ 3.000 CZK \/ 10.000 CZK.<\/strong><\/p>\n<p>Nast\u0119pnie kontynuuj zgodnie z instrukcjami. Wi\u0119cej szczeg\u00f3\u0142\u00f3w znajdziesz nieco ni\u017cej w sekcji \u201eAdopcja krok po kroku\u201d.<\/p>\n<p>Po przypisaniu wp\u0142aty otrzymasz jako podzi\u0119kowanie specjalny certyfikat potwierdzaj\u0105cy adopcj\u0119 piszcza\u0142ki, zar\u00f3wno te\u017c pokwitowanie darowizny na cele podatkowe, a tak\u017ce ciep\u0142e uczucie w sercu, \u017ce pomog\u0142e\u015b uratowa\u0107 wa\u017cny zabytek kulturalny, jakim s\u0105 organy w ko\u015bciele w Jind\u0159ichovicach.<\/p>\n<h2><strong>Adopcja piszcza\u0142ki krok po kroku<\/strong><\/h2>\n<p>Zacznij od klikni\u0119cia przycisku CHC\u0118 ZAADOPTOWA\u0106 PISZCZA\u0141K\u0118, a nast\u0119pnie post\u0119puj zgodnie z poni\u017cszymi instrukcjami.<\/p>\n<p>Przed Tob\u0105 otworzy si\u0119 du\u017ca, kolorowa, przejrzysta tabelka. Ka\u017cde pole w tabelce reprezentuje jedn\u0105 konkretn\u0105 piszcza\u0142k\u0119. Cena piszcza\u0142ki jest r\u00f3\u017cna a to ze wzgl\u0119du na jej rozmiar, umiejscowienie w organach czy te\u017c jak komplikowana jest jej renowacja.<\/p>\n<h3><strong>Wybierz piszcza\u0142k\u0119 z tabelki<\/strong><\/h3>\n<p>Informacje wy\u015bwietlane przy ka\u017cdej piszcza\u0142ce: numer, ton piszcza\u0142ki, wysoko\u015b\u0107 d\u017awi\u0119ku i nazwisko darczy\u0144cy.<\/p>\n<p>Pod tabelk\u0105 znajduje si\u0119 kolorowa legenda, kt\u00f3ra pokazuje status piszcza\u0142ki: dost\u0119pna\/gotowa do adopcji, zaadaptowana (z uwzglednieniem nazwiska darczy\u0144cy), zarezerwowana\/czeka na wp\u0142at\u0119.<\/p>\n<h3><strong>Wype\u0142nij i ode\u015blij formularz<\/strong><\/h3>\n<p>Wpisz swoje dane osobiste (b\u0119d\u0105 one u\u017cywane tylko dla nas i nigdy nie zostan\u0105 opublikowane).<\/p>\n<p>Mo\u017cesz r\u00f3wnie\u017c zaznaczy\u0107 opcj\u0119, \u017ce chcesz pozosta\u0107 anonimowy. Twoje imi\u0119 i nazwisko nie pojawi si\u0119 wtedy obok wybranej piszcza\u0142ki podczas rezerwacji ani po zako\u0144czeniu adopcji.<\/p>\n<p>Mo\u017cesz r\u00f3wnie\u017c zaznaczy\u0107, czy chcesz otrzyma\u0107 potwierdzenie darowizny do cel\u00f3w podatkowych.<\/p>\n<p>W polu \u201eNotatka\u201d wska\u017c, czy chcesz przekaza\u0107 piszcza\u0142k\u0119 komu\u015b innemu (rodzinie, przyjacio\u0142om) lub czy adopcja jest przeprowadzana przez firm\u0119, stowarzyszenie lub instytucj\u0119 i chcesz, aby pojawi\u0142o si\u0119 ich imi\u0119 i nazwisko.<\/p>\n<h3><strong>Potwierdzenie i wp\u0142ata<\/strong><\/h3>\n<p>Po przes\u0142aniu formularza otrzymasz e-mail z potwierdzeniem i instrukcjami dotycz\u0105cymi p\u0142atno\u015bci.<\/p>\n<p>Piszcza\u0142ka zmieni status w tabelce na \u201ezarezerwowana\u201c i czeka na wp\u0142at\u0119. Rezerwacja trwa maksymalnie dwa tygodnie.<\/p>\n<p>Po przypisaniu wp\u0142aty status zmieni si\u0119 na zaadaptowana i w tabelce pojawi si\u0119 nazwisko darczy\u0144cy.<\/p>\n<h3><strong>Adopcja wi\u0119cej piszcza\u0142ek<\/strong><\/h3>\n<p>Zaadoptuj ka\u017cd\u0105 piszcza\u0142k\u0119 osobno: wype\u0142nij nowy formularz dla ka\u017cdej piszcza\u0142ki i dokonaj wp\u0142at\u0119.<\/p>\n<p>Mo\u017cesz zaadoptowa\u0107 dowoln\u0105 ilo\u015b\u0107 piszcza\u0142ek &#8211; dzi\u0119kujemy!<\/p>\n<h2><strong>Pytania<\/strong><\/h2>\n<h3><strong>Kiedy otrzymam e-mail z potwierdzeniem?<\/strong><\/h3>\n<p>Wiadomo\u015b\u0107 e-mail z potwierdzeniem adopcji wysy\u0142amy natychmiast. O ile nie otrzymasz go w ci\u0105gu kilku minut, prze\u0142aduj skrzynk\u0119 odbiorcz\u0105. Sprawd\u017a r\u00f3wnie\u017c, czy nasz e-mail (varhany@jindrichovice.cz) nie znajduje si\u0119 w Twojej skrzynce wiadomo\u015bci-\u015bmieci. Mo\u017cliwe jest r\u00f3wnie\u017c, \u017ce pope\u0142ni\u0142e\u015b b\u0142\u0105d podczas wpisywania adresu e-mail i dlatego nie m\u00f3g\u0142 on zosta\u0107 dostarczony. W takich przypadkach prosimy o kontakt pod adresem varhany@jindrichovice.cz, a my postaramy si\u0119 rozwi\u0105za\u0107 ten probem.<\/p>\n<h3><strong>Jak zaadoptowa\u0107 piszcza\u0142k\u0119 dla kogo\u015b innego albo piszcza\u0142ka jako prezent?<\/strong><\/h3>\n<p>Szukasz oryginalnego prezentu dla swoich bliskich na urodziny lub pod choink\u0119? Bon upominkowy to idealne rozwi\u0105zanie. Dzi\u0119ki w\u0142asnej piszcza\u0142ce mo\u017cesz sprawi\u0107 przyjemno\u015b\u0107 nie tylko sobie, ale tak\u017ce swoim krewnym i przyjacio\u0142om.<\/p>\n<p>Wypr\u00f3buj nasz bon upominkowy z wype\u0142nionym imieniem i nazwiskiem na \u017cyczenie, kt\u00f3ry nie tylko sprawi, \u017ce organy zabrzmi\u0105, ale tak\u017ce ucieszy serce kogo\u015b z Twoich bliskich.<\/p>\n<p>Je\u015bli chcia\u0142by\u015b zaadoptowa\u0107 organy piszcza\u0142kowe w innym imieniu lub w imieniu firmy\/stowarzyszenia, napisz to do pola Notatka. Ewentualnie skontaktuj si\u0119 z nami e-mailem pod adresem varhany@jindrichovice.cz, ch\u0119tnie wszystko z Tob\u0105 om\u00f3wimy i doradzimy.<\/p>\n<h3><strong>Czy mo\u017cna zaadaptowa\u0107 wi\u0119cej piszcza\u0142ek jednocze\u015bnie?<\/strong><\/h3>\n<p>Tak, to mo\u017cliwe. Aby uratowa\u0107 ca\u0142e organy, ka\u017cda z jego piszcza\u0142ek musi zosta\u0107 zaadoptowana. Jeden darczy\u0144ca mo\u017ce adoptowa\u0107 jedn\u0105 lub wi\u0119cej piszcza\u0142ek, ale musz\u0105 one by\u0107 zaadoptowane oddzielnie. Jest to idealna okazja, aby zaanga\u017cowa\u0107 ca\u0142\u0105 rodzin\u0119. M\u0142odsi cz\u0142onkowie z pewno\u015bci\u0105 poradz\u0105 sobie z adopcj\u0105 online.<\/p>\n<h3><strong>Mo\u017cesz r\u00f3wnie\u017c przyczyni\u0107 si\u0119 do naprawy organ\u00f3w w Jind\u0159ichovicach, przekazuj\u0105c jednorazow\u0105 darowizn\u0119 bez konieczno\u015bci adoptowania piszcza\u0142ki.<\/strong><\/h3>\n<p>Wi\u0119cej informacji\u00a0<a href=\"https:\/\/varhany.jindrichovice.cz\/?page_id=209\">TUTAJ<\/a><\/p>\n<h2><strong>Kontakt<\/strong><\/h2>\n<p>E-mail: varhany@jindrichovice.cz<\/p>\n<p><a href=\"https:\/\/varhany.jindrichovice.cz\/?page_id=442\">kontakt<\/a><\/p>\n<p>Ch\u0119tnie doradzimy w sprawie wyboru, rozliczenia lub specjalnych \u017cycze\u0144.<br \/>\nDzi\u0119kujemy za pomoc w przywr\u00f3ceniu organom pe\u0142nego g\u0142osu!<\/p>\n<p>&nbsp;<\/p>\n","protected":false},"excerpt":{"rendered":"<p>Adopcja piszcza\u0142ki Obud\u017amy wsp\u00f3lnie dusz\u0119 naszego ko\u015bcio\u0142a Na p\u00f3\u0142nocnych granicach Republiki Czeskiej, w regionie Fr\u00fddlant, w zak\u0105tku Ziemi Libereckiej, na samym pocz\u0105tku \u015bwiata, znajduje si\u0119 miejscowo\u015b\u0107 Jind\u0159ichovice pod Smrkem. W jego centrum znajduje si\u0119 Ko\u015bci\u00f3\u0142 \u015awi\u0119tej Tr\u00f3jcy, w kt\u00f3rym ukryty jest milcz\u0105cy od lat instrument muzyczny, kt\u00f3rego dobro le\u017cy nam na sercu. Organy, kt\u00f3re pragn\u0105 [&hellip;]<\/p>\n","protected":false},"author":2,"featured_media":0,"parent":0,"menu_order":0,"comment_status":"closed","ping_status":"closed","template":"","meta":{"footnotes":""},"class_list":["post-662","page","type-page","status-publish","hentry"],"yoast_head":"<!-- This site is optimized with the Yoast SEO plugin v27.5 - https:\/\/yoast.com\/product\/yoast-seo-wordpress\/ -->\n<title>PL - Varhany pro Jind\u0159ichovice<\/title>\n<meta name=\"robots\" content=\"index, follow, max-snippet:-1, max-image-preview:large, max-video-preview:-1\" \/>\n<link rel=\"canonical\" href=\"https:\/\/varhany.jindrichovice.cz\/?page_id=662\" \/>\n<meta property=\"og:locale\" content=\"cs_CZ\" \/>\n<meta property=\"og:type\" content=\"article\" \/>\n<meta property=\"og:title\" content=\"PL - Varhany pro Jind\u0159ichovice\" \/>\n<meta property=\"og:description\" content=\"Adopcja piszcza\u0142ki Obud\u017amy wsp\u00f3lnie dusz\u0119 naszego ko\u015bcio\u0142a Na p\u00f3\u0142nocnych granicach Republiki Czeskiej, w regionie Fr\u00fddlant, w zak\u0105tku Ziemi Libereckiej, na samym pocz\u0105tku \u015bwiata, znajduje si\u0119 miejscowo\u015b\u0107 Jind\u0159ichovice pod Smrkem. W jego centrum znajduje si\u0119 Ko\u015bci\u00f3\u0142 \u015awi\u0119tej Tr\u00f3jcy, w kt\u00f3rym ukryty jest milcz\u0105cy od lat instrument muzyczny, kt\u00f3rego dobro le\u017cy nam na sercu. Organy, kt\u00f3re pragn\u0105 [&hellip;]\" \/>\n<meta property=\"og:url\" content=\"https:\/\/varhany.jindrichovice.cz\/?page_id=662\" \/>\n<meta property=\"og:site_name\" content=\"Varhany pro Jind\u0159ichovice\" \/>\n<meta property=\"article:publisher\" content=\"https:\/\/www.facebook.com\/profile.php?id=61576751080235\" \/>\n<meta property=\"article:modified_time\" content=\"2025-07-22T10:37:26+00:00\" \/>\n<meta name=\"twitter:card\" content=\"summary_large_image\" \/>\n<meta name=\"twitter:label1\" content=\"Odhadovan\u00e1 doba \u010dten\u00ed\" \/>\n\t<meta name=\"twitter:data1\" content=\"5 minut\" \/>\n<script type=\"application\/ld+json\" class=\"yoast-schema-graph\">{\"@context\":\"https:\\\/\\\/schema.org\",\"@graph\":[{\"@type\":\"WebPage\",\"@id\":\"https:\\\/\\\/varhany.jindrichovice.cz\\\/?page_id=662\",\"url\":\"https:\\\/\\\/varhany.jindrichovice.cz\\\/?page_id=662\",\"name\":\"PL - Varhany pro Jind\u0159ichovice\",\"isPartOf\":{\"@id\":\"https:\\\/\\\/varhany.jindrichovice.cz\\\/#website\"},\"primaryImageOfPage\":{\"@id\":\"https:\\\/\\\/varhany.jindrichovice.cz\\\/?page_id=662#primaryimage\"},\"image\":{\"@id\":\"https:\\\/\\\/varhany.jindrichovice.cz\\\/?page_id=662#primaryimage\"},\"thumbnailUrl\":\"https:\\\/\\\/varhany.jindrichovice.cz\\\/wp-content\\\/uploads\\\/2025\\\/06\\\/MF3_7658-1-1024x602.jpg\",\"datePublished\":\"2025-06-21T08:57:04+00:00\",\"dateModified\":\"2025-07-22T10:37:26+00:00\",\"breadcrumb\":{\"@id\":\"https:\\\/\\\/varhany.jindrichovice.cz\\\/?page_id=662#breadcrumb\"},\"inLanguage\":\"cs\",\"potentialAction\":[{\"@type\":\"ReadAction\",\"target\":[\"https:\\\/\\\/varhany.jindrichovice.cz\\\/?page_id=662\"]}]},{\"@type\":\"ImageObject\",\"inLanguage\":\"cs\",\"@id\":\"https:\\\/\\\/varhany.jindrichovice.cz\\\/?page_id=662#primaryimage\",\"url\":\"\",\"contentUrl\":\"\"},{\"@type\":\"BreadcrumbList\",\"@id\":\"https:\\\/\\\/varhany.jindrichovice.cz\\\/?page_id=662#breadcrumb\",\"itemListElement\":[{\"@type\":\"ListItem\",\"position\":1,\"name\":\"Dom\u016f\",\"item\":\"https:\\\/\\\/varhany.jindrichovice.cz\\\/\"},{\"@type\":\"ListItem\",\"position\":2,\"name\":\"PL\"}]},{\"@type\":\"WebSite\",\"@id\":\"https:\\\/\\\/varhany.jindrichovice.cz\\\/#website\",\"url\":\"https:\\\/\\\/varhany.jindrichovice.cz\\\/\",\"name\":\"Varhany pro Jind\u0159ichovice\",\"description\":\"adopce varhan\",\"publisher\":{\"@id\":\"https:\\\/\\\/varhany.jindrichovice.cz\\\/#organization\"},\"alternateName\":\"adopce varhan\",\"potentialAction\":[{\"@type\":\"SearchAction\",\"target\":{\"@type\":\"EntryPoint\",\"urlTemplate\":\"https:\\\/\\\/varhany.jindrichovice.cz\\\/?s={search_term_string}\"},\"query-input\":{\"@type\":\"PropertyValueSpecification\",\"valueRequired\":true,\"valueName\":\"search_term_string\"}}],\"inLanguage\":\"cs\"},{\"@type\":\"Organization\",\"@id\":\"https:\\\/\\\/varhany.jindrichovice.cz\\\/#organization\",\"name\":\"Varhany pro Jind\u0159ichovice\",\"url\":\"https:\\\/\\\/varhany.jindrichovice.cz\\\/\",\"logo\":{\"@type\":\"ImageObject\",\"inLanguage\":\"cs\",\"@id\":\"https:\\\/\\\/varhany.jindrichovice.cz\\\/#\\\/schema\\\/logo\\\/image\\\/\",\"url\":\"https:\\\/\\\/varhany.jindrichovice.cz\\\/wp-content\\\/uploads\\\/2025\\\/05\\\/cropped-logo-adopceram.png\",\"contentUrl\":\"https:\\\/\\\/varhany.jindrichovice.cz\\\/wp-content\\\/uploads\\\/2025\\\/05\\\/cropped-logo-adopceram.png\",\"width\":512,\"height\":512,\"caption\":\"Varhany pro Jind\u0159ichovice\"},\"image\":{\"@id\":\"https:\\\/\\\/varhany.jindrichovice.cz\\\/#\\\/schema\\\/logo\\\/image\\\/\"},\"sameAs\":[\"https:\\\/\\\/www.facebook.com\\\/profile.php?id=61576751080235\"]}]}<\/script>\n<!-- \/ Yoast SEO plugin. -->","yoast_head_json":{"title":"PL - Varhany pro Jind\u0159ichovice","robots":{"index":"index","follow":"follow","max-snippet":"max-snippet:-1","max-image-preview":"max-image-preview:large","max-video-preview":"max-video-preview:-1"},"canonical":"https:\/\/varhany.jindrichovice.cz\/?page_id=662","og_locale":"cs_CZ","og_type":"article","og_title":"PL - Varhany pro Jind\u0159ichovice","og_description":"Adopcja piszcza\u0142ki Obud\u017amy wsp\u00f3lnie dusz\u0119 naszego ko\u015bcio\u0142a Na p\u00f3\u0142nocnych granicach Republiki Czeskiej, w regionie Fr\u00fddlant, w zak\u0105tku Ziemi Libereckiej, na samym pocz\u0105tku \u015bwiata, znajduje si\u0119 miejscowo\u015b\u0107 Jind\u0159ichovice pod Smrkem. W jego centrum znajduje si\u0119 Ko\u015bci\u00f3\u0142 \u015awi\u0119tej Tr\u00f3jcy, w kt\u00f3rym ukryty jest milcz\u0105cy od lat instrument muzyczny, kt\u00f3rego dobro le\u017cy nam na sercu. Organy, kt\u00f3re pragn\u0105 [&hellip;]","og_url":"https:\/\/varhany.jindrichovice.cz\/?page_id=662","og_site_name":"Varhany pro Jind\u0159ichovice","article_publisher":"https:\/\/www.facebook.com\/profile.php?id=61576751080235","article_modified_time":"2025-07-22T10:37:26+00:00","twitter_card":"summary_large_image","twitter_misc":{"Odhadovan\u00e1 doba \u010dten\u00ed":"5 minut"},"schema":{"@context":"https:\/\/schema.org","@graph":[{"@type":"WebPage","@id":"https:\/\/varhany.jindrichovice.cz\/?page_id=662","url":"https:\/\/varhany.jindrichovice.cz\/?page_id=662","name":"PL - Varhany pro Jind\u0159ichovice","isPartOf":{"@id":"https:\/\/varhany.jindrichovice.cz\/#website"},"primaryImageOfPage":{"@id":"https:\/\/varhany.jindrichovice.cz\/?page_id=662#primaryimage"},"image":{"@id":"https:\/\/varhany.jindrichovice.cz\/?page_id=662#primaryimage"},"thumbnailUrl":"https:\/\/varhany.jindrichovice.cz\/wp-content\/uploads\/2025\/06\/MF3_7658-1-1024x602.jpg","datePublished":"2025-06-21T08:57:04+00:00","dateModified":"2025-07-22T10:37:26+00:00","breadcrumb":{"@id":"https:\/\/varhany.jindrichovice.cz\/?page_id=662#breadcrumb"},"inLanguage":"cs","potentialAction":[{"@type":"ReadAction","target":["https:\/\/varhany.jindrichovice.cz\/?page_id=662"]}]},{"@type":"ImageObject","inLanguage":"cs","@id":"https:\/\/varhany.jindrichovice.cz\/?page_id=662#primaryimage","url":"","contentUrl":""},{"@type":"BreadcrumbList","@id":"https:\/\/varhany.jindrichovice.cz\/?page_id=662#breadcrumb","itemListElement":[{"@type":"ListItem","position":1,"name":"Dom\u016f","item":"https:\/\/varhany.jindrichovice.cz\/"},{"@type":"ListItem","position":2,"name":"PL"}]},{"@type":"WebSite","@id":"https:\/\/varhany.jindrichovice.cz\/#website","url":"https:\/\/varhany.jindrichovice.cz\/","name":"Varhany pro Jind\u0159ichovice","description":"adopce varhan","publisher":{"@id":"https:\/\/varhany.jindrichovice.cz\/#organization"},"alternateName":"adopce varhan","potentialAction":[{"@type":"SearchAction","target":{"@type":"EntryPoint","urlTemplate":"https:\/\/varhany.jindrichovice.cz\/?s={search_term_string}"},"query-input":{"@type":"PropertyValueSpecification","valueRequired":true,"valueName":"search_term_string"}}],"inLanguage":"cs"},{"@type":"Organization","@id":"https:\/\/varhany.jindrichovice.cz\/#organization","name":"Varhany pro Jind\u0159ichovice","url":"https:\/\/varhany.jindrichovice.cz\/","logo":{"@type":"ImageObject","inLanguage":"cs","@id":"https:\/\/varhany.jindrichovice.cz\/#\/schema\/logo\/image\/","url":"https:\/\/varhany.jindrichovice.cz\/wp-content\/uploads\/2025\/05\/cropped-logo-adopceram.png","contentUrl":"https:\/\/varhany.jindrichovice.cz\/wp-content\/uploads\/2025\/05\/cropped-logo-adopceram.png","width":512,"height":512,"caption":"Varhany pro Jind\u0159ichovice"},"image":{"@id":"https:\/\/varhany.jindrichovice.cz\/#\/schema\/logo\/image\/"},"sameAs":["https:\/\/www.facebook.com\/profile.php?id=61576751080235"]}]}},"_links":{"self":[{"href":"https:\/\/varhany.jindrichovice.cz\/index.php?rest_route=\/wp\/v2\/pages\/662","targetHints":{"allow":["GET"]}}],"collection":[{"href":"https:\/\/varhany.jindrichovice.cz\/index.php?rest_route=\/wp\/v2\/pages"}],"about":[{"href":"https:\/\/varhany.jindrichovice.cz\/index.php?rest_route=\/wp\/v2\/types\/page"}],"author":[{"embeddable":true,"href":"https:\/\/varhany.jindrichovice.cz\/index.php?rest_route=\/wp\/v2\/users\/2"}],"replies":[{"embeddable":true,"href":"https:\/\/varhany.jindrichovice.cz\/index.php?rest_route=%2Fwp%2Fv2%2Fcomments&post=662"}],"version-history":[{"count":11,"href":"https:\/\/varhany.jindrichovice.cz\/index.php?rest_route=\/wp\/v2\/pages\/662\/revisions"}],"predecessor-version":[{"id":747,"href":"https:\/\/varhany.jindrichovice.cz\/index.php?rest_route=\/wp\/v2\/pages\/662\/revisions\/747"}],"wp:attachment":[{"href":"https:\/\/varhany.jindrichovice.cz\/index.php?rest_route=%2Fwp%2Fv2%2Fmedia&parent=662"}],"curies":[{"name":"wp","href":"https:\/\/api.w.org\/{rel}","templated":true}]}}