{"id":442,"date":"2025-05-10T20:44:58","date_gmt":"2025-05-10T20:44:58","guid":{"rendered":"https:\/\/varhany.jindrichovice.cz\/?page_id=442"},"modified":"2025-06-01T13:07:17","modified_gmt":"2025-06-01T13:07:17","slug":"kontakt","status":"publish","type":"page","link":"https:\/\/varhany.jindrichovice.cz\/?page_id=442","title":{"rendered":"Kontakt"},"content":{"rendered":"\r\n<h3 class=\"wp-block-heading\">Va\u0161e p\u0159\u00edpadn\u00e9 dotazy zodpov\u00edme a informace V\u00e1m poskytneme na n\u00e1sleduj\u00edc\u00edch kontaktech.<\/h3>\r\n<p><strong>tel:<\/strong> +420 604 539 137 \/ Kamila Kola\u0159\u00edkov\u00e1, m\u00edstostarostka obce Jind\u0159ichovice p. S.<\/p>\r\n<p><strong>tel:<\/strong> +420 602 129 910 \/ Milan \u0158eho\u0159, p\u0159edseda spolku Campana<\/p>\r\n<p><strong>e-mail: <\/strong><a href=\"mailto:varhany@jindrichovice.cz\">varhany@jindrichovice.cz<\/a><\/p>\r\n<p><strong>web:\u00a0<\/strong><a href=\"https:\/\/www.jindrichovice.cz\/\">web Jind\u0159ichovice pod Smrkem<\/a><\/p>\r\n<p><strong>facebook:<\/strong>\u00a0<a href=\"https:\/\/www.facebook.com\/profile.php?id=61576751080235\">FB Varhany pro Jind\u0159ichovice p. S.<\/a><\/p>\r\n<p><strong>facebook: <\/strong><a href=\"https:\/\/www.facebook.com\/Obecjindrichovicepodsmrkem\" target=\"_blank\" rel=\"noopener\" data-type=\"link\" data-id=\"https:\/\/www.facebook.com\/Obecjindrichovicepodsmrkem\">FB Obec Jind\u0159ichovice pod Smrkem<\/a><\/p>\r\n<p><strong>facebook:\u00a0<\/strong><a href=\"https:\/\/www.facebook.com\/profile.php?id=100062976022532\" target=\"_blank\" rel=\"noopener\">FB Spolek pro zveleben\u00ed jind\u0159ichovick\u00e9ho kostela Campana z. s.<\/a><\/p>\r\n<p>&nbsp;<\/p>\r\n<p><a href=\"https:\/\/varhany.jindrichovice.cz\/wp-content\/uploads\/2025\/05\/MF3_9842-1-scaled.jpg\"><img fetchpriority=\"high\" decoding=\"async\" class=\"aligncenter wp-image-462 size-full\" src=\"https:\/\/varhany.jindrichovice.cz\/wp-content\/uploads\/2025\/05\/MF3_9842-1-scaled.jpg\" alt=\"\" width=\"2560\" height=\"1196\" \/><\/a><\/p>\r\n<p>&nbsp;<\/p>\r\n\r\n\r\n\r\n<div class=\"wp-block-group alignwide\">\r\n<div class=\"wp-block-columns\">\r\n<div class=\"wp-block-column\">\r\n<div class=\"wp-block-group\">\r\n<div class=\"wp-block-columns\">\r\n<div class=\"wp-block-column\">\r\n<div class=\"wp-block-columns\">\r\n<div class=\"wp-block-column\">\r\n<div class=\"wp-block-columns\">\r\n<div class=\"wp-block-column\">\r\n<div class=\"wp-block-columns\">\r\n<div class=\"wp-block-column\">\r\n<figure class=\"wp-block-table alignleft is-style-stripes\"><\/figure>\r\n<\/div>\r\n<!-- \/wp:post-content --><\/div>\r\n<!-- \/wp:columns --><\/div>\r\n<!-- \/wp:column --><\/div>\r\n<!-- \/wp:columns --><\/div>\r\n<!-- \/wp:column --><\/div>\r\n<!-- \/wp:columns --><\/div>\r\n<!-- \/wp:column --><\/div>\r\n<!-- \/wp:columns --><\/div>\r\n<!-- \/wp:group --><\/div>\r\n<!-- \/wp:column --><\/div>\r\n<!-- \/wp:columns --><\/div>\r\n<!-- \/wp:group -->","protected":false},"excerpt":{"rendered":"<p>Va\u0161e p\u0159\u00edpadn\u00e9 dotazy zodpov\u00edme a informace V\u00e1m poskytneme na n\u00e1sleduj\u00edc\u00edch kontaktech. tel: +420 604 539 137 \/ Kamila Kola\u0159\u00edkov\u00e1, m\u00edstostarostka obce Jind\u0159ichovice p. S. tel: +420 602 129 910 \/ Milan \u0158eho\u0159, p\u0159edseda spolku Campana e-mail: varhany@jindrichovice.cz web:\u00a0web Jind\u0159ichovice pod Smrkem facebook:\u00a0FB Varhany pro Jind\u0159ichovice p. S. facebook: FB Obec Jind\u0159ichovice pod Smrkem facebook:\u00a0FB Spolek [&hellip;]<\/p>\n","protected":false},"author":2,"featured_media":0,"parent":0,"menu_order":0,"comment_status":"closed","ping_status":"closed","template":"","meta":{"footnotes":""},"class_list":["post-442","page","type-page","status-publish","hentry"],"yoast_head":"<!-- This site is optimized with the Yoast SEO plugin v27.5 - https:\/\/yoast.com\/product\/yoast-seo-wordpress\/ -->\n<title>Kontakt - Varhany pro Jind\u0159ichovice<\/title>\n<meta name=\"description\" content=\"Va\u0161e p\u0159\u00edpadn\u00e9 dotazy a informace v\u00e1m poskytne Kamila Kola\u0159\u00edkov\u00e1 a Milan \u0158eho\u0159. Spojen\u00ed na n\u011b naleznete na str\u00e1nce Kontakt.\" \/>\n<meta name=\"robots\" content=\"index, follow, max-snippet:-1, max-image-preview:large, max-video-preview:-1\" \/>\n<link rel=\"canonical\" href=\"https:\/\/varhany.jindrichovice.cz\/?page_id=442\" \/>\n<meta property=\"og:locale\" content=\"cs_CZ\" \/>\n<meta property=\"og:type\" content=\"article\" \/>\n<meta property=\"og:title\" content=\"Kontakt - Varhany pro Jind\u0159ichovice\" \/>\n<meta property=\"og:description\" content=\"Va\u0161e p\u0159\u00edpadn\u00e9 dotazy a informace v\u00e1m poskytne Kamila Kola\u0159\u00edkov\u00e1 a Milan \u0158eho\u0159. Spojen\u00ed na n\u011b naleznete na str\u00e1nce Kontakt.\" \/>\n<meta property=\"og:url\" content=\"https:\/\/varhany.jindrichovice.cz\/?page_id=442\" \/>\n<meta property=\"og:site_name\" content=\"Varhany pro Jind\u0159ichovice\" \/>\n<meta property=\"article:publisher\" content=\"https:\/\/www.facebook.com\/profile.php?id=61576751080235\" \/>\n<meta property=\"article:modified_time\" content=\"2025-06-01T13:07:17+00:00\" \/>\n<meta name=\"twitter:card\" content=\"summary_large_image\" \/>\n<meta name=\"twitter:label1\" content=\"Odhadovan\u00e1 doba \u010dten\u00ed\" \/>\n\t<meta name=\"twitter:data1\" content=\"1 minuta\" \/>\n<script type=\"application\/ld+json\" class=\"yoast-schema-graph\">{\"@context\":\"https:\\\/\\\/schema.org\",\"@graph\":[{\"@type\":\"WebPage\",\"@id\":\"https:\\\/\\\/varhany.jindrichovice.cz\\\/?page_id=442\",\"url\":\"https:\\\/\\\/varhany.jindrichovice.cz\\\/?page_id=442\",\"name\":\"Kontakt - Varhany pro Jind\u0159ichovice\",\"isPartOf\":{\"@id\":\"https:\\\/\\\/varhany.jindrichovice.cz\\\/#website\"},\"primaryImageOfPage\":{\"@id\":\"https:\\\/\\\/varhany.jindrichovice.cz\\\/?page_id=442#primaryimage\"},\"image\":{\"@id\":\"https:\\\/\\\/varhany.jindrichovice.cz\\\/?page_id=442#primaryimage\"},\"thumbnailUrl\":\"https:\\\/\\\/varhany.jindrichovice.cz\\\/wp-content\\\/uploads\\\/2025\\\/05\\\/MF3_9842-1-scaled.jpg\",\"datePublished\":\"2025-05-10T20:44:58+00:00\",\"dateModified\":\"2025-06-01T13:07:17+00:00\",\"description\":\"Va\u0161e p\u0159\u00edpadn\u00e9 dotazy a informace v\u00e1m poskytne Kamila Kola\u0159\u00edkov\u00e1 a Milan \u0158eho\u0159. Spojen\u00ed na n\u011b naleznete na str\u00e1nce Kontakt.\",\"breadcrumb\":{\"@id\":\"https:\\\/\\\/varhany.jindrichovice.cz\\\/?page_id=442#breadcrumb\"},\"inLanguage\":\"cs\",\"potentialAction\":[{\"@type\":\"ReadAction\",\"target\":[\"https:\\\/\\\/varhany.jindrichovice.cz\\\/?page_id=442\"]}]},{\"@type\":\"ImageObject\",\"inLanguage\":\"cs\",\"@id\":\"https:\\\/\\\/varhany.jindrichovice.cz\\\/?page_id=442#primaryimage\",\"url\":\"https:\\\/\\\/varhany.jindrichovice.cz\\\/wp-content\\\/uploads\\\/2025\\\/05\\\/MF3_9842-1-scaled.jpg\",\"contentUrl\":\"https:\\\/\\\/varhany.jindrichovice.cz\\\/wp-content\\\/uploads\\\/2025\\\/05\\\/MF3_9842-1-scaled.jpg\"},{\"@type\":\"BreadcrumbList\",\"@id\":\"https:\\\/\\\/varhany.jindrichovice.cz\\\/?page_id=442#breadcrumb\",\"itemListElement\":[{\"@type\":\"ListItem\",\"position\":1,\"name\":\"Dom\u016f\",\"item\":\"https:\\\/\\\/varhany.jindrichovice.cz\\\/\"},{\"@type\":\"ListItem\",\"position\":2,\"name\":\"Kontakt\"}]},{\"@type\":\"WebSite\",\"@id\":\"https:\\\/\\\/varhany.jindrichovice.cz\\\/#website\",\"url\":\"https:\\\/\\\/varhany.jindrichovice.cz\\\/\",\"name\":\"Varhany pro Jind\u0159ichovice\",\"description\":\"adopce varhan\",\"publisher\":{\"@id\":\"https:\\\/\\\/varhany.jindrichovice.cz\\\/#organization\"},\"alternateName\":\"adopce varhan\",\"potentialAction\":[{\"@type\":\"SearchAction\",\"target\":{\"@type\":\"EntryPoint\",\"urlTemplate\":\"https:\\\/\\\/varhany.jindrichovice.cz\\\/?s={search_term_string}\"},\"query-input\":{\"@type\":\"PropertyValueSpecification\",\"valueRequired\":true,\"valueName\":\"search_term_string\"}}],\"inLanguage\":\"cs\"},{\"@type\":\"Organization\",\"@id\":\"https:\\\/\\\/varhany.jindrichovice.cz\\\/#organization\",\"name\":\"Varhany pro Jind\u0159ichovice\",\"url\":\"https:\\\/\\\/varhany.jindrichovice.cz\\\/\",\"logo\":{\"@type\":\"ImageObject\",\"inLanguage\":\"cs\",\"@id\":\"https:\\\/\\\/varhany.jindrichovice.cz\\\/#\\\/schema\\\/logo\\\/image\\\/\",\"url\":\"https:\\\/\\\/varhany.jindrichovice.cz\\\/wp-content\\\/uploads\\\/2025\\\/05\\\/cropped-logo-adopceram.png\",\"contentUrl\":\"https:\\\/\\\/varhany.jindrichovice.cz\\\/wp-content\\\/uploads\\\/2025\\\/05\\\/cropped-logo-adopceram.png\",\"width\":512,\"height\":512,\"caption\":\"Varhany pro Jind\u0159ichovice\"},\"image\":{\"@id\":\"https:\\\/\\\/varhany.jindrichovice.cz\\\/#\\\/schema\\\/logo\\\/image\\\/\"},\"sameAs\":[\"https:\\\/\\\/www.facebook.com\\\/profile.php?id=61576751080235\"]}]}<\/script>\n<!-- \/ Yoast SEO plugin. -->","yoast_head_json":{"title":"Kontakt - Varhany pro Jind\u0159ichovice","description":"Va\u0161e p\u0159\u00edpadn\u00e9 dotazy a informace v\u00e1m poskytne Kamila Kola\u0159\u00edkov\u00e1 a Milan \u0158eho\u0159. Spojen\u00ed na n\u011b naleznete na str\u00e1nce Kontakt.","robots":{"index":"index","follow":"follow","max-snippet":"max-snippet:-1","max-image-preview":"max-image-preview:large","max-video-preview":"max-video-preview:-1"},"canonical":"https:\/\/varhany.jindrichovice.cz\/?page_id=442","og_locale":"cs_CZ","og_type":"article","og_title":"Kontakt - Varhany pro Jind\u0159ichovice","og_description":"Va\u0161e p\u0159\u00edpadn\u00e9 dotazy a informace v\u00e1m poskytne Kamila Kola\u0159\u00edkov\u00e1 a Milan \u0158eho\u0159. Spojen\u00ed na n\u011b naleznete na str\u00e1nce Kontakt.","og_url":"https:\/\/varhany.jindrichovice.cz\/?page_id=442","og_site_name":"Varhany pro Jind\u0159ichovice","article_publisher":"https:\/\/www.facebook.com\/profile.php?id=61576751080235","article_modified_time":"2025-06-01T13:07:17+00:00","twitter_card":"summary_large_image","twitter_misc":{"Odhadovan\u00e1 doba \u010dten\u00ed":"1 minuta"},"schema":{"@context":"https:\/\/schema.org","@graph":[{"@type":"WebPage","@id":"https:\/\/varhany.jindrichovice.cz\/?page_id=442","url":"https:\/\/varhany.jindrichovice.cz\/?page_id=442","name":"Kontakt - Varhany pro Jind\u0159ichovice","isPartOf":{"@id":"https:\/\/varhany.jindrichovice.cz\/#website"},"primaryImageOfPage":{"@id":"https:\/\/varhany.jindrichovice.cz\/?page_id=442#primaryimage"},"image":{"@id":"https:\/\/varhany.jindrichovice.cz\/?page_id=442#primaryimage"},"thumbnailUrl":"https:\/\/varhany.jindrichovice.cz\/wp-content\/uploads\/2025\/05\/MF3_9842-1-scaled.jpg","datePublished":"2025-05-10T20:44:58+00:00","dateModified":"2025-06-01T13:07:17+00:00","description":"Va\u0161e p\u0159\u00edpadn\u00e9 dotazy a informace v\u00e1m poskytne Kamila Kola\u0159\u00edkov\u00e1 a Milan \u0158eho\u0159. Spojen\u00ed na n\u011b naleznete na str\u00e1nce Kontakt.","breadcrumb":{"@id":"https:\/\/varhany.jindrichovice.cz\/?page_id=442#breadcrumb"},"inLanguage":"cs","potentialAction":[{"@type":"ReadAction","target":["https:\/\/varhany.jindrichovice.cz\/?page_id=442"]}]},{"@type":"ImageObject","inLanguage":"cs","@id":"https:\/\/varhany.jindrichovice.cz\/?page_id=442#primaryimage","url":"https:\/\/varhany.jindrichovice.cz\/wp-content\/uploads\/2025\/05\/MF3_9842-1-scaled.jpg","contentUrl":"https:\/\/varhany.jindrichovice.cz\/wp-content\/uploads\/2025\/05\/MF3_9842-1-scaled.jpg"},{"@type":"BreadcrumbList","@id":"https:\/\/varhany.jindrichovice.cz\/?page_id=442#breadcrumb","itemListElement":[{"@type":"ListItem","position":1,"name":"Dom\u016f","item":"https:\/\/varhany.jindrichovice.cz\/"},{"@type":"ListItem","position":2,"name":"Kontakt"}]},{"@type":"WebSite","@id":"https:\/\/varhany.jindrichovice.cz\/#website","url":"https:\/\/varhany.jindrichovice.cz\/","name":"Varhany pro Jind\u0159ichovice","description":"adopce varhan","publisher":{"@id":"https:\/\/varhany.jindrichovice.cz\/#organization"},"alternateName":"adopce varhan","potentialAction":[{"@type":"SearchAction","target":{"@type":"EntryPoint","urlTemplate":"https:\/\/varhany.jindrichovice.cz\/?s={search_term_string}"},"query-input":{"@type":"PropertyValueSpecification","valueRequired":true,"valueName":"search_term_string"}}],"inLanguage":"cs"},{"@type":"Organization","@id":"https:\/\/varhany.jindrichovice.cz\/#organization","name":"Varhany pro Jind\u0159ichovice","url":"https:\/\/varhany.jindrichovice.cz\/","logo":{"@type":"ImageObject","inLanguage":"cs","@id":"https:\/\/varhany.jindrichovice.cz\/#\/schema\/logo\/image\/","url":"https:\/\/varhany.jindrichovice.cz\/wp-content\/uploads\/2025\/05\/cropped-logo-adopceram.png","contentUrl":"https:\/\/varhany.jindrichovice.cz\/wp-content\/uploads\/2025\/05\/cropped-logo-adopceram.png","width":512,"height":512,"caption":"Varhany pro Jind\u0159ichovice"},"image":{"@id":"https:\/\/varhany.jindrichovice.cz\/#\/schema\/logo\/image\/"},"sameAs":["https:\/\/www.facebook.com\/profile.php?id=61576751080235"]}]}},"_links":{"self":[{"href":"https:\/\/varhany.jindrichovice.cz\/index.php?rest_route=\/wp\/v2\/pages\/442","targetHints":{"allow":["GET"]}}],"collection":[{"href":"https:\/\/varhany.jindrichovice.cz\/index.php?rest_route=\/wp\/v2\/pages"}],"about":[{"href":"https:\/\/varhany.jindrichovice.cz\/index.php?rest_route=\/wp\/v2\/types\/page"}],"author":[{"embeddable":true,"href":"https:\/\/varhany.jindrichovice.cz\/index.php?rest_route=\/wp\/v2\/users\/2"}],"replies":[{"embeddable":true,"href":"https:\/\/varhany.jindrichovice.cz\/index.php?rest_route=%2Fwp%2Fv2%2Fcomments&post=442"}],"version-history":[{"count":11,"href":"https:\/\/varhany.jindrichovice.cz\/index.php?rest_route=\/wp\/v2\/pages\/442\/revisions"}],"predecessor-version":[{"id":556,"href":"https:\/\/varhany.jindrichovice.cz\/index.php?rest_route=\/wp\/v2\/pages\/442\/revisions\/556"}],"wp:attachment":[{"href":"https:\/\/varhany.jindrichovice.cz\/index.php?rest_route=%2Fwp%2Fv2%2Fmedia&parent=442"}],"curies":[{"name":"wp","href":"https:\/\/api.w.org\/{rel}","templated":true}]}}