{"id":238,"date":"2025-04-09T19:40:12","date_gmt":"2025-04-09T19:40:12","guid":{"rendered":"https:\/\/varhany.jindrichovice.cz\/?page_id=238"},"modified":"2025-12-29T10:24:31","modified_gmt":"2025-12-29T10:24:31","slug":"varhany","status":"publish","type":"page","link":"https:\/\/varhany.jindrichovice.cz\/?page_id=238","title":{"rendered":"Varhany"},"content":{"rendered":"<h2><strong>N\u00c1STROJ, KTER\u00dd SI ZACHOVAL SVOU TV\u00c1\u0158<\/strong><\/h2>\n<p><a href=\"https:\/\/varhany.jindrichovice.cz\/wp-content\/uploads\/2025\/05\/MF3_9883-2-scaled.jpg\"><img fetchpriority=\"high\" decoding=\"async\" class=\"aligncenter size-full wp-image-425\" src=\"https:\/\/varhany.jindrichovice.cz\/wp-content\/uploads\/2025\/05\/MF3_9883-2-scaled.jpg\" alt=\"\" width=\"2560\" height=\"1293\" \/><\/a><\/p>\n<p>Varhany v kostele Nejsv\u011bt\u011bj\u0161\u00ed Trojice v Jind\u0159ichovic\u00edch pod Smrkem nejsou jen hudebn\u00edm n\u00e1strojem, ale i cenn\u00fdm sv\u011bdkem duchovn\u00ed a \u0159emesln\u00e9 historie.<\/p>\n<p>P\u00edsemn\u00e9 zm\u00ednky o varhan\u00e1ch v tomto kostele poch\u00e1zej\u00ed z 18. stolet\u00ed, kdy byly po\u0159\u00edzeny men\u0161\u00ed n\u00e1stroje k doprovodu bohoslu\u017eeb. Prvn\u00ed varhany v na\u0161em kostele postavil Franz Fuchs z Kr\u00e1l\u00edk roku 1843. V roce 1877 jej opravil Franti\u0161ek Appelt.<\/p>\n<p>Z\u00e1sadn\u00ed prom\u011bna nastala<b>\u00a0v roce 1889\u00a0\u2013\u00a0firma Rieger z Krnova postavila nov\u00e9 varhany (opus 238)<\/b>\u00a0v neogotick\u00e9 sk\u0159\u00edni.\u00a0Jedn\u00e1 se o mechanick\u00fd n\u00e1stroj s autentick\u00fdmi rejst\u0159\u00edky (nap\u0159. Principal 8\u2019, Mixtur 3x, Subbass 16\u2019), propojen\u00fd mechanickou trakturou.<\/p>\n<p><a href=\"https:\/\/varhany.jindrichovice.cz\/wp-content\/uploads\/2025\/05\/MF3_0174-scaled.jpg\"><img decoding=\"async\" class=\"aligncenter size-full wp-image-426\" src=\"https:\/\/varhany.jindrichovice.cz\/wp-content\/uploads\/2025\/05\/MF3_0174-scaled.jpg\" alt=\"\" width=\"2560\" height=\"821\" \/><\/a><\/p>\n<p><span style=\"font-weight: 400;\">V b\u0159eznu 1922 byly varhany opraveny a nalad\u011bny varhan\u00e1\u0159skou firmou Schuster v \u017ditav\u011b za 5500 K. (Schoppenbuch str. 183). Pen\u00edze byly z\u00edsk\u00e1ny z dobrovoln\u00fdch dar\u016f v obci. V historick\u00fdch z\u00e1znamech nenajdeme zm\u00ednky o jin\u00fdch z\u00e1saz\u00edch do konstrukce ani o v\u00fdm\u011bn\u011b rejst\u0159\u00edk\u016f. <\/span><b>Od sv\u00e9ho vzniku nebyly nikdy z\u00e1sadn\u011b upravov\u00e1ny<\/b>, co\u017e sv\u011bd\u010d\u00ed o v\u00fdjime\u010dn\u00e9 dochovan\u00e9 autenticit\u011b.<\/p>\n<p>Dlouh\u00e1 ne\u010dinnost si v\u0161ak vybrala svou da\u0148 \u2013 varhany jsou dnes rozlad\u011bn\u00e9, po\u0161kozen\u00e9 \u010dervoto\u010dem a \u010d\u00e1ste\u010dn\u011b nefunk\u010dn\u00ed.<\/p>\n<p>V roce 2023 bylo rozhodnuto o jejich kompletn\u00ed restauraci, kterou provede rodinn\u00e1 <strong>firma \u017dloutek <\/strong>ze Z\u00e1sady.<\/p>\n<p>Oprava by m\u011bla vyj\u00edt na<strong>\u00a0720 000 K\u010d<\/strong> (bez DPH). Prob\u011bhne do roku 2027 a navr\u00e1t\u00ed n\u00e1stroji p\u016fvodn\u00ed zvuk z roku 1889.<\/p>\n<p><a href=\"https:\/\/varhany.jindrichovice.cz\/wp-content\/uploads\/2025\/12\/DSC_0098-scaled.jpg\"><img decoding=\"async\" class=\"aligncenter size-large wp-image-1015\" src=\"https:\/\/varhany.jindrichovice.cz\/wp-content\/uploads\/2025\/12\/DSC_0098-1024x678.jpg\" alt=\"\" width=\"1024\" height=\"678\" srcset=\"https:\/\/varhany.jindrichovice.cz\/wp-content\/uploads\/2025\/12\/DSC_0098-1024x678.jpg 1024w, https:\/\/varhany.jindrichovice.cz\/wp-content\/uploads\/2025\/12\/DSC_0098-300x199.jpg 300w, https:\/\/varhany.jindrichovice.cz\/wp-content\/uploads\/2025\/12\/DSC_0098-150x99.jpg 150w, https:\/\/varhany.jindrichovice.cz\/wp-content\/uploads\/2025\/12\/DSC_0098-768x509.jpg 768w, https:\/\/varhany.jindrichovice.cz\/wp-content\/uploads\/2025\/12\/DSC_0098-1536x1017.jpg 1536w, https:\/\/varhany.jindrichovice.cz\/wp-content\/uploads\/2025\/12\/DSC_0098-2048x1356.jpg 2048w\" sizes=\"(max-width: 1024px) 100vw, 1024px\" \/><\/a><\/p>\n<h2><strong>TECHNICK\u00dd POPIS VARHAN<\/strong><\/h2>\n<p><strong>Po\u0159ad\u00ed na manu\u00e1lov\u00e9 vzdu\u0161nici:<\/strong> Princip\u00e1l 8\u2019 a Octave 4\u2019 v prospektu, dopln\u011bk diskantu za prospektem. Gamba 8\u2019 a Violine 4\u2019 Salicional 8\u2019 a Dolce 4\u2019 Bourdun 16\u2019 a Gedeckt 8&#8242;<\/p>\n<p><strong>Vzduchov\u00e1 soustava:<\/strong> Plov\u00e1kov\u00fd m\u011bch s \u010derpac\u00edm m\u011bchem je um\u00edst\u011bn v postamentu sk\u0159\u00edn\u011b pod manu\u00e1lovou a ped\u00e1lovou vzdu\u0161nic\u00ed.<\/p>\n<p><strong>Hrac\u00ed st\u016fl a traktura:<\/strong> Hrac\u00ed st\u016fl stoj\u00ed samostatn\u011b p\u0159ed varhann\u00ed sk\u0159\u00edn\u00ed \u010delem k olt\u00e1\u0159i. T\u00f3nov\u00e1 a rejst\u0159\u00edkov\u00e1 traktura je mechanick\u00e1. Manumbria rejst\u0159\u00edk\u016f na pravo: Princip\u00e1l 8\u2019, Bourdun 16\u2019, Gamba 8\u2019, Gedeckt 8\u2019, Salicional 8\u2019. Vlevo: Octave 4\u2019, Violine 4\u2019, Dolce 4\u2019, Octavbass 8\u2019, Subbass 16\u2019. Rozsah manu\u00e1lu C &#8211; f\u2019\u2019&#8216;, 54 kl\u00e1ves. Rozsah ped\u00e1lu C &#8211; d\u2019, 27 kl\u00e1ves. Ped\u00e1ly na ovl\u00e1d\u00e1n\u00ed pevn\u00fdch kombinac\u00ed jsou um\u00edst\u011bny nad ped\u00e1lovou klaviaturou. T\u00f3nov\u00e1 traktura manu\u00e1lov\u00e1 a ped\u00e1lov\u00e1 je mechanick\u00e1, ta\u017en\u00e1 ke h\u0159\u00eddelnic\u00edm, rozveden\u00e1 abstrakty, \u00faheln\u00edky a klasick\u00fdmi r\u00e1mov\u00fdmi h\u0159\u00eddelnicemi. Z h\u0159\u00eddelnice pokra\u010duj\u00ed tla\u010dn\u00e9 tr\u010dky p\u0159\u00edmo do t\u00f3nov\u00fdch tast vzdu\u0161nice. V tomto stylu je vyrobena t\u00e9\u017e traktura rejst\u0159\u00edkov\u00e1.<\/p>\n<p><strong>Vzdu\u0161nice a p\u00ed\u0161\u0165alce: <\/strong>Vzdu\u0161nice manu\u00e1lu m\u00e1 66 t\u00f3nov\u00fdch tast. D\u00edky tomu je mo\u017eno doc\u00edlit vzduchovou extenz\u00ed k vytvo\u0159en\u00ed dvou rejst\u0159\u00edk\u016f z jednoho kter\u00fd haje o okt\u00e1vu v\u00fd\u0161. Nap\u0159\u00edklad z Princip\u00e1lu 8&#8242; vytvo\u0159it Okt\u00e1vu 4&#8242;. Toho je doc\u00edleno dvojit\u00fdmi tr\u010dkami z h\u0159\u00eddelnice a zp\u011btn\u00fdmi klapkami v t\u00f3nov\u00e9 kancele. Pro zleh\u010den\u00ed chodu t\u00f3nov\u00e9 traktury jsou zespodu u velk\u00e9 okt\u00e1vy p\u0159id\u00e1ny pru\u017einy. P\u00ed\u0161\u0165alnice prospektov\u00fdch p\u00ed\u0161\u0165al jsou p\u016fvodn\u00ed, jsou um\u00edst\u011bn\u00e9 na sk\u0159\u00edni a p\u0159ipojeny kondukty. Vzdu\u0161nice ped\u00e1lu m\u00e1 39 t\u00f3nov\u00fdch tast. Vyrobena ve stejn\u00e9m stylu, jako vzdu\u0161nice manu\u00e1lu.<\/p>\n<p><strong>P\u00ed\u0161\u0165alov\u00fd fond: <\/strong>Ve\u0161ker\u00e9 p\u00ed\u0161\u0165aly jsou p\u016fvodn\u00ed. V prospektu jsou spole\u010dn\u00e9 p\u00ed\u0161\u0165aly Princip\u00e1lu 8&#8242; a Okt\u00e1vy 4&#8242;. Fs &#8211; cs&#8216;. Basov\u00fd dopln\u011bk C &#8211; F a diskantov\u00fd dopln\u011bk d&#8216; &#8211; d &#8218; jsou za prospektem.<\/p>\n<p style=\"text-align: left;\"><a href=\"https:\/\/cs.wikipedia.org\/wiki\/Rieger-Kloss\">Firma Rieger &#8211; wikipedie<\/a><\/p>\n<p><strong>3. 10. 2025 &#8211; Na varhany se hraje jen v\u00fdjime\u010dn\u011b, \u010dekaj\u00ed na restaurov\u00e1n\u00ed a jejich zvuk opravdu nen\u00ed dokonal\u00fd. <\/strong>Srde\u010dn\u011b d\u011bkujeme L\u00edd\u011b Prchalov\u00e9 za adopci varhann\u00ed p\u00ed\u0161\u0165aly a za n\u00e1v\u0161t\u011bvu a pohlazen\u00ed varhan 6. 9. 2025. <strong>\u00daryvky konverzace na Facebooku ve skupin\u011b <a class=\"x1i10hfl xjbqb8w x1ejq31n x18oe1m7 x1sy0etr xstzfhl x972fbf x10w94by x1qhh985 x14e42zd x9f619 x1ypdohk xt0psk2 x3ct3a4 xdj266r x14z9mp xat24cr x1lziwak xexx8yu xyri2b x18d9i69 x1c1uobl x16tdsg8 x1hl2dhg xggy1nq x1a2a7pz xkrqix3 x1sur9pj xzsf02u x1s688f\" tabindex=\"0\" role=\"link\" href=\"https:\/\/www.facebook.com\/groups\/621901751527815\/?__cft__[0]=AZXFihcc-G6AMGg7joQ7OmkAlv8MKBjKF9c4XUGFbIpBBP22gnmGhOPjMl9UB4WtfsU2nNvRaoUFpZAtW6wA_x9g9o7mzxK4n_EDmP_GvQ26Bd2hhCrdv2ZqUdegGKOSXzS902S0HcaHmMDa9Fzlr0XwQ4DvlDp9kYu_0WRRF17yZ9JrlkWy1ZHSAQZqfIIvCunsefAmjF4fpnQNjkWTyM5POEKyzPn-nJfPuAINUf9yLw&amp;__tn__=-UC%2CP-R\"><span class=\"html-span xdj266r x14z9mp xat24cr x1lziwak xexx8yu xyri2b x18d9i69 x1c1uobl x1hl2dhg x16tdsg8 x1vvkbs\">Varhany,varhan\u00e1\u0159i a p\u0159\u00e1tel\u00e9<\/span><\/a>, reakce na sd\u00edlen\u00e9 <span style=\"color: #800000;\"><a style=\"color: #800000;\" href=\"https:\/\/www.facebook.com\/reel\/1298189741432655\" target=\"_blank\" rel=\"noopener\">VIDEO pohled do sk\u0159\u00edn\u011b p\u0159i h\u0159e 9.2025<\/a><\/span><\/strong>:<\/p>\n<p>\u201eCht\u011blo by to naladit.&#8220; \u201eA nejd\u0159\u00edve se\u0159\u00eddit trakturu.&#8220;\u00a0 \u201eTomu \u0159\u00edk\u00e1m fla\u0161inet.&#8220;<\/p>\n<p>\u201eTo m\u00e1te je\u0161t\u011b ran\u00fd opus. Pokud tam nen\u00ed moc \u010dervoto\u010de a fu\u0161e\u0159in, tak m\u00e1te na p\u016fl vyhr\u00e1no. Tyto n\u00e1stroje jsou nezmary a hrajou skv\u011ble.&#8220;<\/p>\n<p>\u201eNejlep\u0161\u00ed l\u00e9ta firmy Rieger. Ale to z\u00e1chodov\u00e9 sv\u011btlo to trochu hyzd\u00ed&#8230;&#8220;<\/p>\n<p>\u201eLep\u0161\u00ed byly asi devades\u00e1tky, ale tyhle star\u0161\u00ed n\u00e1stroje jsou vz\u00e1cn\u011bj\u0161\u00ed a je v tom jejich zvuku c\u00edtit to, jak ta firma tehdy rostla. Zvukov\u011b maj\u00ed ty varhany v\u011bt\u0161\u00ed drajv. Pozd\u011bji trochu zkrotly.&#8220;<\/p>\n<p><a href=\"https:\/\/varhany.jindrichovice.cz\/wp-content\/uploads\/2025\/05\/MF3_9925-scaled.jpg\"><img loading=\"lazy\" decoding=\"async\" class=\"aligncenter wp-image-429 size-full\" src=\"https:\/\/varhany.jindrichovice.cz\/wp-content\/uploads\/2025\/05\/MF3_9925-scaled.jpg\" alt=\"\" width=\"2560\" height=\"1239\" \/><\/a><\/p>\n","protected":false},"excerpt":{"rendered":"<p>N\u00c1STROJ, KTER\u00dd SI ZACHOVAL SVOU TV\u00c1\u0158 Varhany v kostele Nejsv\u011bt\u011bj\u0161\u00ed Trojice v Jind\u0159ichovic\u00edch pod Smrkem nejsou jen hudebn\u00edm n\u00e1strojem, ale i cenn\u00fdm sv\u011bdkem duchovn\u00ed a \u0159emesln\u00e9 historie. P\u00edsemn\u00e9 zm\u00ednky o varhan\u00e1ch v tomto kostele poch\u00e1zej\u00ed z 18. stolet\u00ed, kdy byly po\u0159\u00edzeny men\u0161\u00ed n\u00e1stroje k doprovodu bohoslu\u017eeb. Prvn\u00ed varhany v na\u0161em kostele postavil Franz Fuchs z [&hellip;]<\/p>\n","protected":false},"author":2,"featured_media":0,"parent":0,"menu_order":0,"comment_status":"closed","ping_status":"closed","template":"","meta":{"footnotes":""},"class_list":["post-238","page","type-page","status-publish","hentry"],"yoast_head":"<!-- This site is optimized with the Yoast SEO plugin v27.5 - https:\/\/yoast.com\/product\/yoast-seo-wordpress\/ -->\n<title>Varhany - Varhany pro Jind\u0159ichovice<\/title>\n<meta name=\"robots\" content=\"index, follow, max-snippet:-1, max-image-preview:large, max-video-preview:-1\" \/>\n<link rel=\"canonical\" href=\"https:\/\/varhany.jindrichovice.cz\/?page_id=238\" \/>\n<meta property=\"og:locale\" content=\"cs_CZ\" \/>\n<meta property=\"og:type\" content=\"article\" \/>\n<meta property=\"og:title\" content=\"Varhany - Varhany pro Jind\u0159ichovice\" \/>\n<meta property=\"og:description\" content=\"N\u00c1STROJ, KTER\u00dd SI ZACHOVAL SVOU TV\u00c1\u0158 Varhany v kostele Nejsv\u011bt\u011bj\u0161\u00ed Trojice v Jind\u0159ichovic\u00edch pod Smrkem nejsou jen hudebn\u00edm n\u00e1strojem, ale i cenn\u00fdm sv\u011bdkem duchovn\u00ed a \u0159emesln\u00e9 historie. P\u00edsemn\u00e9 zm\u00ednky o varhan\u00e1ch v tomto kostele poch\u00e1zej\u00ed z 18. stolet\u00ed, kdy byly po\u0159\u00edzeny men\u0161\u00ed n\u00e1stroje k doprovodu bohoslu\u017eeb. Prvn\u00ed varhany v na\u0161em kostele postavil Franz Fuchs z [&hellip;]\" \/>\n<meta property=\"og:url\" content=\"https:\/\/varhany.jindrichovice.cz\/?page_id=238\" \/>\n<meta property=\"og:site_name\" content=\"Varhany pro Jind\u0159ichovice\" \/>\n<meta property=\"article:publisher\" content=\"https:\/\/www.facebook.com\/profile.php?id=61576751080235\" \/>\n<meta property=\"article:modified_time\" content=\"2025-12-29T10:24:31+00:00\" \/>\n<meta name=\"twitter:card\" content=\"summary_large_image\" \/>\n<meta name=\"twitter:label1\" content=\"Odhadovan\u00e1 doba \u010dten\u00ed\" \/>\n\t<meta name=\"twitter:data1\" content=\"5 minut\" \/>\n<script type=\"application\/ld+json\" class=\"yoast-schema-graph\">{\"@context\":\"https:\\\/\\\/schema.org\",\"@graph\":[{\"@type\":\"WebPage\",\"@id\":\"https:\\\/\\\/varhany.jindrichovice.cz\\\/?page_id=238\",\"url\":\"https:\\\/\\\/varhany.jindrichovice.cz\\\/?page_id=238\",\"name\":\"Varhany - Varhany pro Jind\u0159ichovice\",\"isPartOf\":{\"@id\":\"https:\\\/\\\/varhany.jindrichovice.cz\\\/#website\"},\"primaryImageOfPage\":{\"@id\":\"https:\\\/\\\/varhany.jindrichovice.cz\\\/?page_id=238#primaryimage\"},\"image\":{\"@id\":\"https:\\\/\\\/varhany.jindrichovice.cz\\\/?page_id=238#primaryimage\"},\"thumbnailUrl\":\"https:\\\/\\\/varhany.jindrichovice.cz\\\/wp-content\\\/uploads\\\/2025\\\/05\\\/MF3_9883-2-scaled.jpg\",\"datePublished\":\"2025-04-09T19:40:12+00:00\",\"dateModified\":\"2025-12-29T10:24:31+00:00\",\"breadcrumb\":{\"@id\":\"https:\\\/\\\/varhany.jindrichovice.cz\\\/?page_id=238#breadcrumb\"},\"inLanguage\":\"cs\",\"potentialAction\":[{\"@type\":\"ReadAction\",\"target\":[\"https:\\\/\\\/varhany.jindrichovice.cz\\\/?page_id=238\"]}]},{\"@type\":\"ImageObject\",\"inLanguage\":\"cs\",\"@id\":\"https:\\\/\\\/varhany.jindrichovice.cz\\\/?page_id=238#primaryimage\",\"url\":\"https:\\\/\\\/varhany.jindrichovice.cz\\\/wp-content\\\/uploads\\\/2025\\\/05\\\/MF3_9883-2-scaled.jpg\",\"contentUrl\":\"https:\\\/\\\/varhany.jindrichovice.cz\\\/wp-content\\\/uploads\\\/2025\\\/05\\\/MF3_9883-2-scaled.jpg\"},{\"@type\":\"BreadcrumbList\",\"@id\":\"https:\\\/\\\/varhany.jindrichovice.cz\\\/?page_id=238#breadcrumb\",\"itemListElement\":[{\"@type\":\"ListItem\",\"position\":1,\"name\":\"Dom\u016f\",\"item\":\"https:\\\/\\\/varhany.jindrichovice.cz\\\/\"},{\"@type\":\"ListItem\",\"position\":2,\"name\":\"Varhany\"}]},{\"@type\":\"WebSite\",\"@id\":\"https:\\\/\\\/varhany.jindrichovice.cz\\\/#website\",\"url\":\"https:\\\/\\\/varhany.jindrichovice.cz\\\/\",\"name\":\"Varhany pro Jind\u0159ichovice\",\"description\":\"adopce varhan\",\"publisher\":{\"@id\":\"https:\\\/\\\/varhany.jindrichovice.cz\\\/#organization\"},\"alternateName\":\"adopce varhan\",\"potentialAction\":[{\"@type\":\"SearchAction\",\"target\":{\"@type\":\"EntryPoint\",\"urlTemplate\":\"https:\\\/\\\/varhany.jindrichovice.cz\\\/?s={search_term_string}\"},\"query-input\":{\"@type\":\"PropertyValueSpecification\",\"valueRequired\":true,\"valueName\":\"search_term_string\"}}],\"inLanguage\":\"cs\"},{\"@type\":\"Organization\",\"@id\":\"https:\\\/\\\/varhany.jindrichovice.cz\\\/#organization\",\"name\":\"Varhany pro Jind\u0159ichovice\",\"url\":\"https:\\\/\\\/varhany.jindrichovice.cz\\\/\",\"logo\":{\"@type\":\"ImageObject\",\"inLanguage\":\"cs\",\"@id\":\"https:\\\/\\\/varhany.jindrichovice.cz\\\/#\\\/schema\\\/logo\\\/image\\\/\",\"url\":\"https:\\\/\\\/varhany.jindrichovice.cz\\\/wp-content\\\/uploads\\\/2025\\\/05\\\/cropped-logo-adopceram.png\",\"contentUrl\":\"https:\\\/\\\/varhany.jindrichovice.cz\\\/wp-content\\\/uploads\\\/2025\\\/05\\\/cropped-logo-adopceram.png\",\"width\":512,\"height\":512,\"caption\":\"Varhany pro Jind\u0159ichovice\"},\"image\":{\"@id\":\"https:\\\/\\\/varhany.jindrichovice.cz\\\/#\\\/schema\\\/logo\\\/image\\\/\"},\"sameAs\":[\"https:\\\/\\\/www.facebook.com\\\/profile.php?id=61576751080235\"]}]}<\/script>\n<!-- \/ Yoast SEO plugin. -->","yoast_head_json":{"title":"Varhany - Varhany pro Jind\u0159ichovice","robots":{"index":"index","follow":"follow","max-snippet":"max-snippet:-1","max-image-preview":"max-image-preview:large","max-video-preview":"max-video-preview:-1"},"canonical":"https:\/\/varhany.jindrichovice.cz\/?page_id=238","og_locale":"cs_CZ","og_type":"article","og_title":"Varhany - Varhany pro Jind\u0159ichovice","og_description":"N\u00c1STROJ, KTER\u00dd SI ZACHOVAL SVOU TV\u00c1\u0158 Varhany v kostele Nejsv\u011bt\u011bj\u0161\u00ed Trojice v Jind\u0159ichovic\u00edch pod Smrkem nejsou jen hudebn\u00edm n\u00e1strojem, ale i cenn\u00fdm sv\u011bdkem duchovn\u00ed a \u0159emesln\u00e9 historie. P\u00edsemn\u00e9 zm\u00ednky o varhan\u00e1ch v tomto kostele poch\u00e1zej\u00ed z 18. stolet\u00ed, kdy byly po\u0159\u00edzeny men\u0161\u00ed n\u00e1stroje k doprovodu bohoslu\u017eeb. Prvn\u00ed varhany v na\u0161em kostele postavil Franz Fuchs z [&hellip;]","og_url":"https:\/\/varhany.jindrichovice.cz\/?page_id=238","og_site_name":"Varhany pro Jind\u0159ichovice","article_publisher":"https:\/\/www.facebook.com\/profile.php?id=61576751080235","article_modified_time":"2025-12-29T10:24:31+00:00","twitter_card":"summary_large_image","twitter_misc":{"Odhadovan\u00e1 doba \u010dten\u00ed":"5 minut"},"schema":{"@context":"https:\/\/schema.org","@graph":[{"@type":"WebPage","@id":"https:\/\/varhany.jindrichovice.cz\/?page_id=238","url":"https:\/\/varhany.jindrichovice.cz\/?page_id=238","name":"Varhany - Varhany pro Jind\u0159ichovice","isPartOf":{"@id":"https:\/\/varhany.jindrichovice.cz\/#website"},"primaryImageOfPage":{"@id":"https:\/\/varhany.jindrichovice.cz\/?page_id=238#primaryimage"},"image":{"@id":"https:\/\/varhany.jindrichovice.cz\/?page_id=238#primaryimage"},"thumbnailUrl":"https:\/\/varhany.jindrichovice.cz\/wp-content\/uploads\/2025\/05\/MF3_9883-2-scaled.jpg","datePublished":"2025-04-09T19:40:12+00:00","dateModified":"2025-12-29T10:24:31+00:00","breadcrumb":{"@id":"https:\/\/varhany.jindrichovice.cz\/?page_id=238#breadcrumb"},"inLanguage":"cs","potentialAction":[{"@type":"ReadAction","target":["https:\/\/varhany.jindrichovice.cz\/?page_id=238"]}]},{"@type":"ImageObject","inLanguage":"cs","@id":"https:\/\/varhany.jindrichovice.cz\/?page_id=238#primaryimage","url":"https:\/\/varhany.jindrichovice.cz\/wp-content\/uploads\/2025\/05\/MF3_9883-2-scaled.jpg","contentUrl":"https:\/\/varhany.jindrichovice.cz\/wp-content\/uploads\/2025\/05\/MF3_9883-2-scaled.jpg"},{"@type":"BreadcrumbList","@id":"https:\/\/varhany.jindrichovice.cz\/?page_id=238#breadcrumb","itemListElement":[{"@type":"ListItem","position":1,"name":"Dom\u016f","item":"https:\/\/varhany.jindrichovice.cz\/"},{"@type":"ListItem","position":2,"name":"Varhany"}]},{"@type":"WebSite","@id":"https:\/\/varhany.jindrichovice.cz\/#website","url":"https:\/\/varhany.jindrichovice.cz\/","name":"Varhany pro Jind\u0159ichovice","description":"adopce varhan","publisher":{"@id":"https:\/\/varhany.jindrichovice.cz\/#organization"},"alternateName":"adopce varhan","potentialAction":[{"@type":"SearchAction","target":{"@type":"EntryPoint","urlTemplate":"https:\/\/varhany.jindrichovice.cz\/?s={search_term_string}"},"query-input":{"@type":"PropertyValueSpecification","valueRequired":true,"valueName":"search_term_string"}}],"inLanguage":"cs"},{"@type":"Organization","@id":"https:\/\/varhany.jindrichovice.cz\/#organization","name":"Varhany pro Jind\u0159ichovice","url":"https:\/\/varhany.jindrichovice.cz\/","logo":{"@type":"ImageObject","inLanguage":"cs","@id":"https:\/\/varhany.jindrichovice.cz\/#\/schema\/logo\/image\/","url":"https:\/\/varhany.jindrichovice.cz\/wp-content\/uploads\/2025\/05\/cropped-logo-adopceram.png","contentUrl":"https:\/\/varhany.jindrichovice.cz\/wp-content\/uploads\/2025\/05\/cropped-logo-adopceram.png","width":512,"height":512,"caption":"Varhany pro Jind\u0159ichovice"},"image":{"@id":"https:\/\/varhany.jindrichovice.cz\/#\/schema\/logo\/image\/"},"sameAs":["https:\/\/www.facebook.com\/profile.php?id=61576751080235"]}]}},"_links":{"self":[{"href":"https:\/\/varhany.jindrichovice.cz\/index.php?rest_route=\/wp\/v2\/pages\/238","targetHints":{"allow":["GET"]}}],"collection":[{"href":"https:\/\/varhany.jindrichovice.cz\/index.php?rest_route=\/wp\/v2\/pages"}],"about":[{"href":"https:\/\/varhany.jindrichovice.cz\/index.php?rest_route=\/wp\/v2\/types\/page"}],"author":[{"embeddable":true,"href":"https:\/\/varhany.jindrichovice.cz\/index.php?rest_route=\/wp\/v2\/users\/2"}],"replies":[{"embeddable":true,"href":"https:\/\/varhany.jindrichovice.cz\/index.php?rest_route=%2Fwp%2Fv2%2Fcomments&post=238"}],"version-history":[{"count":20,"href":"https:\/\/varhany.jindrichovice.cz\/index.php?rest_route=\/wp\/v2\/pages\/238\/revisions"}],"predecessor-version":[{"id":1017,"href":"https:\/\/varhany.jindrichovice.cz\/index.php?rest_route=\/wp\/v2\/pages\/238\/revisions\/1017"}],"wp:attachment":[{"href":"https:\/\/varhany.jindrichovice.cz\/index.php?rest_route=%2Fwp%2Fv2%2Fmedia&parent=238"}],"curies":[{"name":"wp","href":"https:\/\/api.w.org\/{rel}","templated":true}]}}