{"id":220,"date":"2025-04-05T20:46:37","date_gmt":"2025-04-05T20:46:37","guid":{"rendered":"https:\/\/varhany.jindrichovice.cz\/?page_id=220"},"modified":"2025-05-11T20:39:12","modified_gmt":"2025-05-11T20:39:12","slug":"caste-dotazy","status":"publish","type":"page","link":"https:\/\/varhany.jindrichovice.cz\/?page_id=220","title":{"rendered":"Dotazy"},"content":{"rendered":"<h2><b>Kdy p\u0159ijde potvrzovac\u00ed email?\u00a0<\/b><\/h2>\n<p><span style=\"font-weight: 400;\">Potvrzovac\u00ed e-mail adopce odes\u00edl\u00e1me bezprost\u0159edn\u011b. Pokud jej nedostanete b\u011bhem n\u011bkolika minut, pros\u00edm znovu na\u010dt\u011bte e-maily ve sv\u00e9 schr\u00e1nce. D\u00e1le zkontrolujte, zda se n\u00e1\u0161 e-mail (z adresy <strong>varhany@jindrichovice.cz<\/strong>) nedostal mezi nevy\u017e\u00e1danou po\u0161tu. Je tak\u00e9 mo\u017en\u00e9, \u017ee jste se zm\u00fdlili p\u0159i vkl\u00e1d\u00e1n\u00ed sv\u00e9ho e-mailu, a tak V\u00e1m nemohl b\u00fdt doru\u010den. V t\u011bchto p\u0159\u00edpadech n\u00e1s pros\u00edm kontaktujte e-mailem varhany@jindrichovice.cz, v\u0161e s V\u00e1mi do\u0159e\u0161\u00edme k Va\u0161\u00ed spokojenosti.\u00a0<\/span><\/p>\n<p><a href=\"https:\/\/varhany.jindrichovice.cz\/wp-content\/uploads\/2025\/05\/MF3_9852-scaled.jpg\"><img fetchpriority=\"high\" decoding=\"async\" class=\"aligncenter wp-image-418 size-full\" src=\"https:\/\/varhany.jindrichovice.cz\/wp-content\/uploads\/2025\/05\/MF3_9852-scaled.jpg\" alt=\"\" width=\"2560\" height=\"1108\" \/><\/a><\/p>\n<h2><b>Jak adoptovat pro n\u011bkoho jin\u00e9ho aneb p\u00ed\u0161\u0165ala jako d\u00e1rek?<\/b><\/h2>\n<p><span style=\"font-weight: 400;\">Hled\u00e1te <strong>origin\u00e1ln\u00ed d\u00e1rek<\/strong> pro sv\u00e9 bl\u00edzk\u00e9 k narozenin\u00e1m nebo pod strome\u010dek, kter\u00fd pot\u011b\u0161\u00ed a nezabere \u017e\u00e1dn\u00e9 m\u00edsto? Vlastn\u00ed p\u00ed\u0161\u0165alou m\u016f\u017eete pot\u011b\u0161it nejen sebe, obdarovat m\u016f\u017eete i sv\u00e9 p\u0159\u00edbuzn\u00e9 a p\u0159\u00e1tele.<\/span><\/p>\n<p><span style=\"font-weight: 400;\">Zkuste n\u00e1\u0161 <strong>d\u00e1rkov\u00fd certifik\u00e1t<\/strong> s vypln\u011bn\u00fdm jm\u00e9nem na p\u0159\u00e1n\u00ed, kter\u00fd rozezn\u00ed nejen varhany, ale pot\u011b\u0161\u00ed i srdce n\u011bkoho z Va\u0161ich bl\u00edzk\u00fdch.<\/span><\/p>\n<p><span style=\"font-weight: 400;\">Pokud chcete p\u00ed\u0161\u0165alu adoptovat na jin\u00e9 jm\u00e9no nebo t\u0159eba na firmu\/spolek, <strong>napi\u0161te n\u00e1m to pros\u00edm do pozn\u00e1mky<\/strong>. P\u0159\u00edpadn\u011b n\u00e1s nev\u00e1hejte kontaktovat\u00a0 e-mailem na <\/span><b>varhany@jindrichovice.cz<\/b><span style=\"font-weight: 400;\">, v\u0161e s V\u00e1mi do\u0159e\u0161\u00edme a r\u00e1di porad\u00edme.\u00a0<\/span><\/p>\n<p><a href=\"https:\/\/varhany.jindrichovice.cz\/wp-content\/uploads\/2025\/05\/darkovy-poukaz-podpis-VZOR.png\"><img decoding=\"async\" class=\"aligncenter wp-image-492 size-large\" src=\"https:\/\/varhany.jindrichovice.cz\/wp-content\/uploads\/2025\/05\/darkovy-poukaz-podpis-VZOR-1024x724.png\" alt=\"\" width=\"1024\" height=\"724\" \/><\/a><\/p>\n<h2><b>Je mo\u017en\u00e9 adoptovat v\u00edce p\u00ed\u0161\u0165al sou\u010dasn\u011b?<\/b><b>\u00a0<\/b><\/h2>\n<p><span style=\"font-weight: 400;\">Ano, i to je mo\u017en\u00e9. Aby bylo mo\u017en\u00e9 zachr\u00e1nit cel\u00e9 jedny varhany, je pot\u0159eba adoptovat ka\u017edou z jejich p\u00ed\u0161\u0165al. Jeden d\u00e1rce m\u016f\u017ee adoptovat jednu i v\u00edce p\u00ed\u0161\u0165al, je ale pot\u0159eba <strong>adoptovat je ka\u017edou zvl\u00e1\u0161\u0165<\/strong>. Ide\u00e1ln\u00ed p\u0159\u00edle\u017eitost zapojit rodinu a\u017e po p\u00e1t\u00e9 koleno, svou tro\u0161kou do ml\u00fdna m\u016f\u017ee p\u0159isp\u011bt \u00fapln\u011b ka\u017ed\u00fd. S adopc\u00ed online si mlad\u0161\u00ed \u010dlenov\u00e9 ur\u010dit\u011b levou zadn\u00ed porad\u00ed.<\/span><\/p>\n","protected":false},"excerpt":{"rendered":"<p>Kdy p\u0159ijde potvrzovac\u00ed email?\u00a0 Potvrzovac\u00ed e-mail adopce odes\u00edl\u00e1me bezprost\u0159edn\u011b. Pokud jej nedostanete b\u011bhem n\u011bkolika minut, pros\u00edm znovu na\u010dt\u011bte e-maily ve sv\u00e9 schr\u00e1nce. D\u00e1le zkontrolujte, zda se n\u00e1\u0161 e-mail (z adresy varhany@jindrichovice.cz) nedostal mezi nevy\u017e\u00e1danou po\u0161tu. Je tak\u00e9 mo\u017en\u00e9, \u017ee jste se zm\u00fdlili p\u0159i vkl\u00e1d\u00e1n\u00ed sv\u00e9ho e-mailu, a tak V\u00e1m nemohl b\u00fdt doru\u010den. V t\u011bchto p\u0159\u00edpadech [&hellip;]<\/p>\n","protected":false},"author":2,"featured_media":0,"parent":0,"menu_order":0,"comment_status":"closed","ping_status":"closed","template":"","meta":{"footnotes":""},"class_list":["post-220","page","type-page","status-publish","hentry"],"yoast_head":"<!-- This site is optimized with the Yoast SEO plugin v27.5 - https:\/\/yoast.com\/product\/yoast-seo-wordpress\/ -->\n<title>Dotazy - Varhany pro Jind\u0159ichovice<\/title>\n<meta name=\"robots\" content=\"index, follow, max-snippet:-1, max-image-preview:large, max-video-preview:-1\" \/>\n<link rel=\"canonical\" href=\"https:\/\/varhany.jindrichovice.cz\/?page_id=220\" \/>\n<meta property=\"og:locale\" content=\"cs_CZ\" \/>\n<meta property=\"og:type\" content=\"article\" \/>\n<meta property=\"og:title\" content=\"Dotazy - Varhany pro Jind\u0159ichovice\" \/>\n<meta property=\"og:description\" content=\"Kdy p\u0159ijde potvrzovac\u00ed email?\u00a0 Potvrzovac\u00ed e-mail adopce odes\u00edl\u00e1me bezprost\u0159edn\u011b. Pokud jej nedostanete b\u011bhem n\u011bkolika minut, pros\u00edm znovu na\u010dt\u011bte e-maily ve sv\u00e9 schr\u00e1nce. D\u00e1le zkontrolujte, zda se n\u00e1\u0161 e-mail (z adresy varhany@jindrichovice.cz) nedostal mezi nevy\u017e\u00e1danou po\u0161tu. Je tak\u00e9 mo\u017en\u00e9, \u017ee jste se zm\u00fdlili p\u0159i vkl\u00e1d\u00e1n\u00ed sv\u00e9ho e-mailu, a tak V\u00e1m nemohl b\u00fdt doru\u010den. V t\u011bchto p\u0159\u00edpadech [&hellip;]\" \/>\n<meta property=\"og:url\" content=\"https:\/\/varhany.jindrichovice.cz\/?page_id=220\" \/>\n<meta property=\"og:site_name\" content=\"Varhany pro Jind\u0159ichovice\" \/>\n<meta property=\"article:publisher\" content=\"https:\/\/www.facebook.com\/profile.php?id=61576751080235\" \/>\n<meta property=\"article:modified_time\" content=\"2025-05-11T20:39:12+00:00\" \/>\n<meta name=\"twitter:card\" content=\"summary_large_image\" \/>\n<meta name=\"twitter:label1\" content=\"Odhadovan\u00e1 doba \u010dten\u00ed\" \/>\n\t<meta name=\"twitter:data1\" content=\"2 minuty\" \/>\n<script type=\"application\/ld+json\" class=\"yoast-schema-graph\">{\"@context\":\"https:\\\/\\\/schema.org\",\"@graph\":[{\"@type\":\"WebPage\",\"@id\":\"https:\\\/\\\/varhany.jindrichovice.cz\\\/?page_id=220\",\"url\":\"https:\\\/\\\/varhany.jindrichovice.cz\\\/?page_id=220\",\"name\":\"Dotazy - Varhany pro Jind\u0159ichovice\",\"isPartOf\":{\"@id\":\"https:\\\/\\\/varhany.jindrichovice.cz\\\/#website\"},\"primaryImageOfPage\":{\"@id\":\"https:\\\/\\\/varhany.jindrichovice.cz\\\/?page_id=220#primaryimage\"},\"image\":{\"@id\":\"https:\\\/\\\/varhany.jindrichovice.cz\\\/?page_id=220#primaryimage\"},\"thumbnailUrl\":\"https:\\\/\\\/varhany.jindrichovice.cz\\\/wp-content\\\/uploads\\\/2025\\\/05\\\/MF3_9852-scaled.jpg\",\"datePublished\":\"2025-04-05T20:46:37+00:00\",\"dateModified\":\"2025-05-11T20:39:12+00:00\",\"breadcrumb\":{\"@id\":\"https:\\\/\\\/varhany.jindrichovice.cz\\\/?page_id=220#breadcrumb\"},\"inLanguage\":\"cs\",\"potentialAction\":[{\"@type\":\"ReadAction\",\"target\":[\"https:\\\/\\\/varhany.jindrichovice.cz\\\/?page_id=220\"]}]},{\"@type\":\"ImageObject\",\"inLanguage\":\"cs\",\"@id\":\"https:\\\/\\\/varhany.jindrichovice.cz\\\/?page_id=220#primaryimage\",\"url\":\"https:\\\/\\\/varhany.jindrichovice.cz\\\/wp-content\\\/uploads\\\/2025\\\/05\\\/MF3_9852-scaled.jpg\",\"contentUrl\":\"https:\\\/\\\/varhany.jindrichovice.cz\\\/wp-content\\\/uploads\\\/2025\\\/05\\\/MF3_9852-scaled.jpg\"},{\"@type\":\"BreadcrumbList\",\"@id\":\"https:\\\/\\\/varhany.jindrichovice.cz\\\/?page_id=220#breadcrumb\",\"itemListElement\":[{\"@type\":\"ListItem\",\"position\":1,\"name\":\"Dom\u016f\",\"item\":\"https:\\\/\\\/varhany.jindrichovice.cz\\\/\"},{\"@type\":\"ListItem\",\"position\":2,\"name\":\"Dotazy\"}]},{\"@type\":\"WebSite\",\"@id\":\"https:\\\/\\\/varhany.jindrichovice.cz\\\/#website\",\"url\":\"https:\\\/\\\/varhany.jindrichovice.cz\\\/\",\"name\":\"Varhany pro Jind\u0159ichovice\",\"description\":\"adopce varhan\",\"publisher\":{\"@id\":\"https:\\\/\\\/varhany.jindrichovice.cz\\\/#organization\"},\"alternateName\":\"adopce varhan\",\"potentialAction\":[{\"@type\":\"SearchAction\",\"target\":{\"@type\":\"EntryPoint\",\"urlTemplate\":\"https:\\\/\\\/varhany.jindrichovice.cz\\\/?s={search_term_string}\"},\"query-input\":{\"@type\":\"PropertyValueSpecification\",\"valueRequired\":true,\"valueName\":\"search_term_string\"}}],\"inLanguage\":\"cs\"},{\"@type\":\"Organization\",\"@id\":\"https:\\\/\\\/varhany.jindrichovice.cz\\\/#organization\",\"name\":\"Varhany pro Jind\u0159ichovice\",\"url\":\"https:\\\/\\\/varhany.jindrichovice.cz\\\/\",\"logo\":{\"@type\":\"ImageObject\",\"inLanguage\":\"cs\",\"@id\":\"https:\\\/\\\/varhany.jindrichovice.cz\\\/#\\\/schema\\\/logo\\\/image\\\/\",\"url\":\"https:\\\/\\\/varhany.jindrichovice.cz\\\/wp-content\\\/uploads\\\/2025\\\/05\\\/cropped-logo-adopceram.png\",\"contentUrl\":\"https:\\\/\\\/varhany.jindrichovice.cz\\\/wp-content\\\/uploads\\\/2025\\\/05\\\/cropped-logo-adopceram.png\",\"width\":512,\"height\":512,\"caption\":\"Varhany pro Jind\u0159ichovice\"},\"image\":{\"@id\":\"https:\\\/\\\/varhany.jindrichovice.cz\\\/#\\\/schema\\\/logo\\\/image\\\/\"},\"sameAs\":[\"https:\\\/\\\/www.facebook.com\\\/profile.php?id=61576751080235\"]}]}<\/script>\n<!-- \/ Yoast SEO plugin. -->","yoast_head_json":{"title":"Dotazy - Varhany pro Jind\u0159ichovice","robots":{"index":"index","follow":"follow","max-snippet":"max-snippet:-1","max-image-preview":"max-image-preview:large","max-video-preview":"max-video-preview:-1"},"canonical":"https:\/\/varhany.jindrichovice.cz\/?page_id=220","og_locale":"cs_CZ","og_type":"article","og_title":"Dotazy - Varhany pro Jind\u0159ichovice","og_description":"Kdy p\u0159ijde potvrzovac\u00ed email?\u00a0 Potvrzovac\u00ed e-mail adopce odes\u00edl\u00e1me bezprost\u0159edn\u011b. Pokud jej nedostanete b\u011bhem n\u011bkolika minut, pros\u00edm znovu na\u010dt\u011bte e-maily ve sv\u00e9 schr\u00e1nce. D\u00e1le zkontrolujte, zda se n\u00e1\u0161 e-mail (z adresy varhany@jindrichovice.cz) nedostal mezi nevy\u017e\u00e1danou po\u0161tu. Je tak\u00e9 mo\u017en\u00e9, \u017ee jste se zm\u00fdlili p\u0159i vkl\u00e1d\u00e1n\u00ed sv\u00e9ho e-mailu, a tak V\u00e1m nemohl b\u00fdt doru\u010den. V t\u011bchto p\u0159\u00edpadech [&hellip;]","og_url":"https:\/\/varhany.jindrichovice.cz\/?page_id=220","og_site_name":"Varhany pro Jind\u0159ichovice","article_publisher":"https:\/\/www.facebook.com\/profile.php?id=61576751080235","article_modified_time":"2025-05-11T20:39:12+00:00","twitter_card":"summary_large_image","twitter_misc":{"Odhadovan\u00e1 doba \u010dten\u00ed":"2 minuty"},"schema":{"@context":"https:\/\/schema.org","@graph":[{"@type":"WebPage","@id":"https:\/\/varhany.jindrichovice.cz\/?page_id=220","url":"https:\/\/varhany.jindrichovice.cz\/?page_id=220","name":"Dotazy - Varhany pro Jind\u0159ichovice","isPartOf":{"@id":"https:\/\/varhany.jindrichovice.cz\/#website"},"primaryImageOfPage":{"@id":"https:\/\/varhany.jindrichovice.cz\/?page_id=220#primaryimage"},"image":{"@id":"https:\/\/varhany.jindrichovice.cz\/?page_id=220#primaryimage"},"thumbnailUrl":"https:\/\/varhany.jindrichovice.cz\/wp-content\/uploads\/2025\/05\/MF3_9852-scaled.jpg","datePublished":"2025-04-05T20:46:37+00:00","dateModified":"2025-05-11T20:39:12+00:00","breadcrumb":{"@id":"https:\/\/varhany.jindrichovice.cz\/?page_id=220#breadcrumb"},"inLanguage":"cs","potentialAction":[{"@type":"ReadAction","target":["https:\/\/varhany.jindrichovice.cz\/?page_id=220"]}]},{"@type":"ImageObject","inLanguage":"cs","@id":"https:\/\/varhany.jindrichovice.cz\/?page_id=220#primaryimage","url":"https:\/\/varhany.jindrichovice.cz\/wp-content\/uploads\/2025\/05\/MF3_9852-scaled.jpg","contentUrl":"https:\/\/varhany.jindrichovice.cz\/wp-content\/uploads\/2025\/05\/MF3_9852-scaled.jpg"},{"@type":"BreadcrumbList","@id":"https:\/\/varhany.jindrichovice.cz\/?page_id=220#breadcrumb","itemListElement":[{"@type":"ListItem","position":1,"name":"Dom\u016f","item":"https:\/\/varhany.jindrichovice.cz\/"},{"@type":"ListItem","position":2,"name":"Dotazy"}]},{"@type":"WebSite","@id":"https:\/\/varhany.jindrichovice.cz\/#website","url":"https:\/\/varhany.jindrichovice.cz\/","name":"Varhany pro Jind\u0159ichovice","description":"adopce varhan","publisher":{"@id":"https:\/\/varhany.jindrichovice.cz\/#organization"},"alternateName":"adopce varhan","potentialAction":[{"@type":"SearchAction","target":{"@type":"EntryPoint","urlTemplate":"https:\/\/varhany.jindrichovice.cz\/?s={search_term_string}"},"query-input":{"@type":"PropertyValueSpecification","valueRequired":true,"valueName":"search_term_string"}}],"inLanguage":"cs"},{"@type":"Organization","@id":"https:\/\/varhany.jindrichovice.cz\/#organization","name":"Varhany pro Jind\u0159ichovice","url":"https:\/\/varhany.jindrichovice.cz\/","logo":{"@type":"ImageObject","inLanguage":"cs","@id":"https:\/\/varhany.jindrichovice.cz\/#\/schema\/logo\/image\/","url":"https:\/\/varhany.jindrichovice.cz\/wp-content\/uploads\/2025\/05\/cropped-logo-adopceram.png","contentUrl":"https:\/\/varhany.jindrichovice.cz\/wp-content\/uploads\/2025\/05\/cropped-logo-adopceram.png","width":512,"height":512,"caption":"Varhany pro Jind\u0159ichovice"},"image":{"@id":"https:\/\/varhany.jindrichovice.cz\/#\/schema\/logo\/image\/"},"sameAs":["https:\/\/www.facebook.com\/profile.php?id=61576751080235"]}]}},"_links":{"self":[{"href":"https:\/\/varhany.jindrichovice.cz\/index.php?rest_route=\/wp\/v2\/pages\/220","targetHints":{"allow":["GET"]}}],"collection":[{"href":"https:\/\/varhany.jindrichovice.cz\/index.php?rest_route=\/wp\/v2\/pages"}],"about":[{"href":"https:\/\/varhany.jindrichovice.cz\/index.php?rest_route=\/wp\/v2\/types\/page"}],"author":[{"embeddable":true,"href":"https:\/\/varhany.jindrichovice.cz\/index.php?rest_route=\/wp\/v2\/users\/2"}],"replies":[{"embeddable":true,"href":"https:\/\/varhany.jindrichovice.cz\/index.php?rest_route=%2Fwp%2Fv2%2Fcomments&post=220"}],"version-history":[{"count":5,"href":"https:\/\/varhany.jindrichovice.cz\/index.php?rest_route=\/wp\/v2\/pages\/220\/revisions"}],"predecessor-version":[{"id":493,"href":"https:\/\/varhany.jindrichovice.cz\/index.php?rest_route=\/wp\/v2\/pages\/220\/revisions\/493"}],"wp:attachment":[{"href":"https:\/\/varhany.jindrichovice.cz\/index.php?rest_route=%2Fwp%2Fv2%2Fmedia&parent=220"}],"curies":[{"name":"wp","href":"https:\/\/api.w.org\/{rel}","templated":true}]}}