{"id":213,"date":"2025-04-05T20:41:25","date_gmt":"2025-04-05T20:41:25","guid":{"rendered":"https:\/\/varhany.jindrichovice.cz\/?page_id=213"},"modified":"2025-09-05T19:18:04","modified_gmt":"2025-09-05T19:18:04","slug":"adopce","status":"publish","type":"page","link":"https:\/\/varhany.jindrichovice.cz\/?page_id=213","title":{"rendered":"Adopce"},"content":{"rendered":"<h2 style=\"text-align: left;\"><b>Jak se st\u00e1t patronem p\u00ed\u0161\u0165aly?<\/b><\/h2>\n<p><span style=\"font-weight: 400;\">Zv\u00ed\u0159e, klidn\u011b i hrocha, kousek panstv\u00ed ve Skotsku v\u010detn\u011b cihly z p\u0159ilehl\u00e9ho hradu, lidsk\u00fd \u017eivot n\u011bkde v Africe&#8230; <strong>Adopce<\/strong> stala se \u00fa\u017easnou formou, jak zachr\u00e1nit n\u011bco, co by bez spolupr\u00e1ce a pomoci zub \u010dasu zcela pohltil, jako to hroz\u00ed i varhan\u00e1m v kostele Nejsv\u011bt\u011bj\u0161\u00ed Trojice.<\/span><\/p>\n<p><span style=\"font-weight: 400;\"><strong>Adopc\u00ed p\u00ed\u0161\u0165aly se st\u00e1v\u00e1te z\u00e1rove\u0148 jej\u00edm patronem. <\/strong>Vlastn\u00edkem varhan z\u016fst\u00e1v\u00e1 i nad\u00e1le Obec Jind\u0159ichovice pod Smrkem, stejn\u011b jako cel\u00e9ho kostela Nejsv\u011bt\u011bj\u0161\u00ed Trojice, kter\u00fd vlastn\u00ed od roku 2016.<\/span><\/p>\n<p><span style=\"font-weight: 400;\">Po kliknut\u00ed na \u017elut\u00e9 tla\u010d\u00edtko\u00a0<a href=\"https:\/\/adoptuj-varhany.jindrichovice.cz\/\" target=\"_blank\" rel=\"noopener\">CHCI ADOPTOVAT P\u00cd\u0160TALU<\/a> si v p\u0159ehledn\u00e9 tabulce <\/span><span style=\"font-weight: 400;\">vyberte p\u00ed\u0161\u0165alu.<\/span><\/p>\n<p>Na v\u00fdb\u011br m\u00e1te \u010d\u00e1stky 500 K\u010d \/ 1.000 K\u010d \/\u00a01.500 K\u010d \/ 2.000 K\u010d \/ 3.000 K\u010d \/ 10.000 K\u010d.<\/p>\n<p><span style=\"font-weight: 400;\">D\u00e1le postupujte dle pokyn\u016f. Podrobnosti se do\u010dtete o kousek n\u00ed\u017ee v odstavci \u201e<\/span><b>Adopce krok za krokem\u201c.\u00a0<\/b><\/p>\n<p><span style=\"font-weight: 400;\">Po obdr\u017een\u00ed platby dostanete jako pod\u011bkov\u00e1n\u00ed <\/span><b>certifik\u00e1t<\/b><span style=\"font-weight: 400;\"> potvrzuj\u00edc\u00ed adopci p\u00ed\u0161\u0165aly, na p\u0159\u00e1n\u00ed pak <\/span><b>potvrzen\u00ed o daru pro da\u0148ov\u00e9 \u00fa\u010dely<\/b><span style=\"font-weight: 400;\"> a hlavn\u011b<\/span><b>\u00a0h\u0159ejiv\u00fd pocit u srdce k nezaplacen\u00ed<\/b><span style=\"font-weight: 400;\">, \u017ee jste pomohli zachr\u00e1nit hudebn\u00ed n\u00e1stroj v jind\u0159ichovick\u00e9m kostele, na\u0161e duchovn\u00ed a kulturn\u00ed d\u011bdictv\u00ed.<\/span><span style=\"font-weight: 400;\">\u00a0<\/span><\/p>\n<p>Zde si m\u016f\u017eete prostudovat <a href=\"https:\/\/varhany.jindrichovice.cz\/wp-content\/uploads\/2025\/09\/darovaci-podminky.pdf\">darovaci-podminky.<\/a><\/p>\n<p><a href=\"https:\/\/varhany.jindrichovice.cz\/wp-content\/uploads\/2025\/05\/certifikat-podpis-VZOR.png\"><img fetchpriority=\"high\" decoding=\"async\" class=\"aligncenter size-large wp-image-416\" src=\"https:\/\/varhany.jindrichovice.cz\/wp-content\/uploads\/2025\/05\/certifikat-podpis-VZOR-1024x724.png\" alt=\"\" width=\"1024\" height=\"724\" \/><\/a><\/p>\n<p><span style=\"font-weight: 400;\">Chcete adoptovat za hotov\u00e9 pen\u00edze, proto\u017ee <\/span><b>nem\u00e1te internet ani mobiln\u00ed banku?<\/b><\/p>\n<p><span style=\"font-weight: 400;\">S adopc\u00ed p\u00ed\u0161\u0165aly za hotovost V\u00e1m ochotn\u011b porad\u00ed pracovn\u00edci obecn\u00edho \u00fa\u0159adu v Jind\u0159ichovic\u00edch pod Smrkem, kde s V\u00e1mi z\u00e1rove\u0148 projdou cel\u00fd adop\u010dn\u00ed proces. P\u00ed\u0161\u0165alu je pot\u00e9 t\u0159eba <strong>uhradit slo\u017eenkou a po\u010d\u00edtat v tom p\u0159\u00edpad\u011b s poplatkem 57 K\u010d.<\/strong><\/span><\/p>\n<h2 style=\"text-align: left;\"><b>Adopce p\u00ed\u0161\u0165aly krok za krokem<\/b><\/h2>\n<p><span style=\"font-weight: 400;\">Za\u010dn\u011bte kliknut\u00edm na <\/span><b>tla\u010d\u00edtko <a href=\"https:\/\/adoptuj-varhany.jindrichovice.cz\/\" target=\"_blank\" rel=\"noopener\">CHCI ADOPTOVAT P\u00cd\u0160TALU<\/a><\/b><b>\u00a0<\/b><span style=\"font-weight: 400;\">a d\u00e1l postupujte podle n\u00e1sleduj\u00edc\u00edch instrukc\u00ed.<\/span><\/p>\n<p>Otev\u0159e se p\u0159ed V\u00e1mi p\u0159ehledn\u00e1 tabulka. Ka\u017ed\u00e9 jej\u00ed pol\u00ed\u010dko zastupuje jednu konkr\u00e9tn\u00ed p\u00ed\u0161\u0165alu. Ty jsou rozd\u011bleny do cenov\u00fdch hladin podle sv\u00e9 p\u0159ibli\u017en\u00e9 velikosti, um\u00edst\u011bn\u00ed v t\u011blese varhan a n\u00e1ro\u010dnosti na jejich restaurov\u00e1n\u00ed.<\/p>\n<h3 class=\"mt-4\">Vyberte si p\u00ed\u0161\u0165alu v tabulce<\/h3>\n<p>Zobrazen\u00e9 informace u ka\u017ed\u00e9 p\u00ed\u0161\u0165aly: po\u0159adov\u00e9 \u010d\u00edslo, t\u00f3n, v\u00fd\u0161ka p\u00ed\u0161\u0165aly a jm\u00e9no d\u00e1rce.<\/p>\n<p>Barevn\u00e1 legenda pod tabulkou ukazuje stav p\u00ed\u0161\u0165al: voln\u00e1 \/ p\u0159ipraven\u00e1 k adopci, ji\u017e adoptov\u00e1no (uvedeno jm\u00e9no d\u00e1rce), rezervov\u00e1no \/ \u010dek\u00e1 na platbu<\/p>\n<h3 class=\"mt-4\">Vypl\u0148te a ode\u0161lete formul\u00e1\u0159<\/h3>\n<p>Dopl\u0148te sv\u00e9 kontaktn\u00ed \u00fadaje <span style=\"font-weight: 400;\">(budou slou\u017eit jen pro n\u00e1s a nebudou nikdy zve\u0159ejn\u011bny).<\/span><\/p>\n<p><span style=\"font-weight: 400;\">M\u016f\u017eete za\u0161krtnout i variantu, \u017ee chcete z\u016fstat v anonymit\u011b. Va\u0161e jm\u00e9no se pak neobjev\u00ed u vybran\u00e9 p\u00ed\u0161\u0165aly p\u0159i rezervaci a tak\u00e9 se neobjev\u00ed po dokon\u010den\u00ed adopce.<\/span><\/p>\n<p><span style=\"font-weight: 400;\">D\u00e1le m\u016f\u017eete za\u0161krtnout, zda m\u00e1te z\u00e1jem o potvrzen\u00ed o poskytnut\u00ed daru pro da\u0148ov\u00e9 \u00fa\u010dely.<\/span><\/p>\n<p>V poli &#8222;Pozn\u00e1mka&#8220; uve\u010fte, pokud chcete p\u00ed\u0161\u0165alu v\u011bnovat n\u011bkomu jin\u00e9mu (rodina, p\u0159\u00e1tel\u00e9), nebo pokud adopci prov\u00e1d\u00ed firma, spolek \u010di instituce a p\u0159ejete si, aby bylo uvedeno jejich jm\u00e9no.<\/p>\n<h3 class=\"mt-4\">Potvrzen\u00ed a platba<\/h3>\n<p>Po odesl\u00e1n\u00ed formul\u00e1\u0159e obdr\u017e\u00edte potvrzovac\u00ed e-mail s platebn\u00edmi instrukcemi.<\/p>\n<p>P\u00ed\u0161\u0165ala se v tabulce ozna\u010d\u00ed jako rezervovan\u00e1 a \u010dek\u00e1 na uhrazen\u00ed. Rezervace trv\u00e1 maxim\u00e1ln\u011b dva t\u00fddny.<\/p>\n<p>Po p\u0159ips\u00e1n\u00ed p\u0159\u00edsp\u011bvku se stav zm\u011bn\u00ed na adoptov\u00e1no a v tabulce se zobraz\u00ed zadan\u00e9 jm\u00e9no d\u00e1rce.<\/p>\n<h3 class=\"mt-4\">Adopce v\u00edce p\u00ed\u0161\u0165al<\/h3>\n<p>Ka\u017edou p\u00ed\u0161\u0165alu adoptujte samostatn\u011b: pro ka\u017edou vypl\u0148te nov\u00fd formul\u00e1\u0159 a prove\u010fte platbu.<\/p>\n<p>Adoptovat tak m\u016f\u017eete libovoln\u00fd po\u010det p\u00ed\u0161\u0165al &#8211; d\u011bkujeme!<\/p>\n<h3 class=\"mt-4\">Kontakt a dotazy<\/h3>\n<p>E-mail:\u00a0<a href=\"mailto:\/\/varhany@jindrichovice.cz\">varhany@jindrichovice.cz<\/a><\/p>\n<p><a href=\"https:\/\/varhany.jindrichovice.cz\/?page_id=442\">kontakt<\/a><\/p>\n<p>R\u00e1di porad\u00edme s v\u00fdb\u011brem, fakturac\u00ed \u010di zvl\u00e1\u0161tn\u00edm p\u0159\u00e1n\u00edm.<\/p>\n<p>D\u011bkujeme, \u017ee pom\u00e1h\u00e1te vr\u00e1tit varhan\u00e1m jejich pln\u00fd hlas!<\/p>\n<h3>P\u0159isp\u011bt na opravu jind\u0159ichovick\u00fdch varhan m\u016f\u017eete i jednor\u00e1zov\u00fdm darem bez nutnosti adopce p\u00ed\u0161\u0165aly<b>.\u00a0<\/b><\/h3>\n<p>V\u00edce info\u00a0<a href=\"https:\/\/varhany.jindrichovice.cz\/?page_id=209\">ZDE<\/a><\/p>\n<p><a href=\"https:\/\/varhany.jindrichovice.cz\/wp-content\/uploads\/2025\/05\/MF3_0208-scaled.jpg\"><img decoding=\"async\" class=\"aligncenter wp-image-406 size-full\" src=\"https:\/\/varhany.jindrichovice.cz\/wp-content\/uploads\/2025\/05\/MF3_0208-scaled.jpg\" alt=\"\" width=\"2560\" height=\"1264\" \/><\/a><\/p>\n<h4 style=\"text-align: left;\"><strong><em>Adopc\u00ed p\u00ed\u0161\u0165aly varhan se st\u00e1v\u00e1te sou\u010d\u00e1st\u00ed \u017eiv\u00e9 hudebn\u00ed tradice, kter\u00e1 sah\u00e1 stovky let do minulosti. <\/em><\/strong><strong><em>Pomozte zachr\u00e1nit a obnovit historick\u00e9 varhany v Jind\u0159ichovic\u00edch p. S. \u202f\u2013 \u202fadoptujte jednu (\u010di v\u00edce) z jejich p\u00ed\u0161\u0165al a\u202fspojte sv\u00e9 jm\u00e9no natrvalo s\u202ft\u00edmto jedine\u010dn\u00fdm n\u00e1strojem.<\/em><\/strong><\/h4>\n","protected":false},"excerpt":{"rendered":"<p>Jak se st\u00e1t patronem p\u00ed\u0161\u0165aly? Zv\u00ed\u0159e, klidn\u011b i hrocha, kousek panstv\u00ed ve Skotsku v\u010detn\u011b cihly z p\u0159ilehl\u00e9ho hradu, lidsk\u00fd \u017eivot n\u011bkde v Africe&#8230; Adopce stala se \u00fa\u017easnou formou, jak zachr\u00e1nit n\u011bco, co by bez spolupr\u00e1ce a pomoci zub \u010dasu zcela pohltil, jako to hroz\u00ed i varhan\u00e1m v kostele Nejsv\u011bt\u011bj\u0161\u00ed Trojice. Adopc\u00ed p\u00ed\u0161\u0165aly se st\u00e1v\u00e1te z\u00e1rove\u0148 [&hellip;]<\/p>\n","protected":false},"author":2,"featured_media":0,"parent":0,"menu_order":0,"comment_status":"closed","ping_status":"closed","template":"","meta":{"footnotes":""},"class_list":["post-213","page","type-page","status-publish","hentry"],"yoast_head":"<!-- This site is optimized with the Yoast SEO plugin v27.5 - https:\/\/yoast.com\/product\/yoast-seo-wordpress\/ -->\n<title>Adopce - Varhany pro Jind\u0159ichovice<\/title>\n<meta name=\"robots\" content=\"index, follow, max-snippet:-1, max-image-preview:large, max-video-preview:-1\" \/>\n<link rel=\"canonical\" href=\"https:\/\/varhany.jindrichovice.cz\/?page_id=213\" \/>\n<meta property=\"og:locale\" content=\"cs_CZ\" \/>\n<meta property=\"og:type\" content=\"article\" \/>\n<meta property=\"og:title\" content=\"Adopce - Varhany pro Jind\u0159ichovice\" \/>\n<meta property=\"og:description\" content=\"Jak se st\u00e1t patronem p\u00ed\u0161\u0165aly? Zv\u00ed\u0159e, klidn\u011b i hrocha, kousek panstv\u00ed ve Skotsku v\u010detn\u011b cihly z p\u0159ilehl\u00e9ho hradu, lidsk\u00fd \u017eivot n\u011bkde v Africe&#8230; Adopce stala se \u00fa\u017easnou formou, jak zachr\u00e1nit n\u011bco, co by bez spolupr\u00e1ce a pomoci zub \u010dasu zcela pohltil, jako to hroz\u00ed i varhan\u00e1m v kostele Nejsv\u011bt\u011bj\u0161\u00ed Trojice. Adopc\u00ed p\u00ed\u0161\u0165aly se st\u00e1v\u00e1te z\u00e1rove\u0148 [&hellip;]\" \/>\n<meta property=\"og:url\" content=\"https:\/\/varhany.jindrichovice.cz\/?page_id=213\" \/>\n<meta property=\"og:site_name\" content=\"Varhany pro Jind\u0159ichovice\" \/>\n<meta property=\"article:publisher\" content=\"https:\/\/www.facebook.com\/profile.php?id=61576751080235\" \/>\n<meta property=\"article:modified_time\" content=\"2025-09-05T19:18:04+00:00\" \/>\n<meta name=\"twitter:card\" content=\"summary_large_image\" \/>\n<meta name=\"twitter:label1\" content=\"Odhadovan\u00e1 doba \u010dten\u00ed\" \/>\n\t<meta name=\"twitter:data1\" content=\"4 minuty\" \/>\n<script type=\"application\/ld+json\" class=\"yoast-schema-graph\">{\"@context\":\"https:\\\/\\\/schema.org\",\"@graph\":[{\"@type\":\"WebPage\",\"@id\":\"https:\\\/\\\/varhany.jindrichovice.cz\\\/?page_id=213\",\"url\":\"https:\\\/\\\/varhany.jindrichovice.cz\\\/?page_id=213\",\"name\":\"Adopce - Varhany pro Jind\u0159ichovice\",\"isPartOf\":{\"@id\":\"https:\\\/\\\/varhany.jindrichovice.cz\\\/#website\"},\"primaryImageOfPage\":{\"@id\":\"https:\\\/\\\/varhany.jindrichovice.cz\\\/?page_id=213#primaryimage\"},\"image\":{\"@id\":\"https:\\\/\\\/varhany.jindrichovice.cz\\\/?page_id=213#primaryimage\"},\"thumbnailUrl\":\"https:\\\/\\\/varhany.jindrichovice.cz\\\/wp-content\\\/uploads\\\/2025\\\/05\\\/certifikat-podpis-VZOR-1024x724.png\",\"datePublished\":\"2025-04-05T20:41:25+00:00\",\"dateModified\":\"2025-09-05T19:18:04+00:00\",\"breadcrumb\":{\"@id\":\"https:\\\/\\\/varhany.jindrichovice.cz\\\/?page_id=213#breadcrumb\"},\"inLanguage\":\"cs\",\"potentialAction\":[{\"@type\":\"ReadAction\",\"target\":[\"https:\\\/\\\/varhany.jindrichovice.cz\\\/?page_id=213\"]}]},{\"@type\":\"ImageObject\",\"inLanguage\":\"cs\",\"@id\":\"https:\\\/\\\/varhany.jindrichovice.cz\\\/?page_id=213#primaryimage\",\"url\":\"\",\"contentUrl\":\"\"},{\"@type\":\"BreadcrumbList\",\"@id\":\"https:\\\/\\\/varhany.jindrichovice.cz\\\/?page_id=213#breadcrumb\",\"itemListElement\":[{\"@type\":\"ListItem\",\"position\":1,\"name\":\"Dom\u016f\",\"item\":\"https:\\\/\\\/varhany.jindrichovice.cz\\\/\"},{\"@type\":\"ListItem\",\"position\":2,\"name\":\"Adopce\"}]},{\"@type\":\"WebSite\",\"@id\":\"https:\\\/\\\/varhany.jindrichovice.cz\\\/#website\",\"url\":\"https:\\\/\\\/varhany.jindrichovice.cz\\\/\",\"name\":\"Varhany pro Jind\u0159ichovice\",\"description\":\"adopce varhan\",\"publisher\":{\"@id\":\"https:\\\/\\\/varhany.jindrichovice.cz\\\/#organization\"},\"alternateName\":\"adopce varhan\",\"potentialAction\":[{\"@type\":\"SearchAction\",\"target\":{\"@type\":\"EntryPoint\",\"urlTemplate\":\"https:\\\/\\\/varhany.jindrichovice.cz\\\/?s={search_term_string}\"},\"query-input\":{\"@type\":\"PropertyValueSpecification\",\"valueRequired\":true,\"valueName\":\"search_term_string\"}}],\"inLanguage\":\"cs\"},{\"@type\":\"Organization\",\"@id\":\"https:\\\/\\\/varhany.jindrichovice.cz\\\/#organization\",\"name\":\"Varhany pro Jind\u0159ichovice\",\"url\":\"https:\\\/\\\/varhany.jindrichovice.cz\\\/\",\"logo\":{\"@type\":\"ImageObject\",\"inLanguage\":\"cs\",\"@id\":\"https:\\\/\\\/varhany.jindrichovice.cz\\\/#\\\/schema\\\/logo\\\/image\\\/\",\"url\":\"https:\\\/\\\/varhany.jindrichovice.cz\\\/wp-content\\\/uploads\\\/2025\\\/05\\\/cropped-logo-adopceram.png\",\"contentUrl\":\"https:\\\/\\\/varhany.jindrichovice.cz\\\/wp-content\\\/uploads\\\/2025\\\/05\\\/cropped-logo-adopceram.png\",\"width\":512,\"height\":512,\"caption\":\"Varhany pro Jind\u0159ichovice\"},\"image\":{\"@id\":\"https:\\\/\\\/varhany.jindrichovice.cz\\\/#\\\/schema\\\/logo\\\/image\\\/\"},\"sameAs\":[\"https:\\\/\\\/www.facebook.com\\\/profile.php?id=61576751080235\"]}]}<\/script>\n<!-- \/ Yoast SEO plugin. -->","yoast_head_json":{"title":"Adopce - Varhany pro Jind\u0159ichovice","robots":{"index":"index","follow":"follow","max-snippet":"max-snippet:-1","max-image-preview":"max-image-preview:large","max-video-preview":"max-video-preview:-1"},"canonical":"https:\/\/varhany.jindrichovice.cz\/?page_id=213","og_locale":"cs_CZ","og_type":"article","og_title":"Adopce - Varhany pro Jind\u0159ichovice","og_description":"Jak se st\u00e1t patronem p\u00ed\u0161\u0165aly? Zv\u00ed\u0159e, klidn\u011b i hrocha, kousek panstv\u00ed ve Skotsku v\u010detn\u011b cihly z p\u0159ilehl\u00e9ho hradu, lidsk\u00fd \u017eivot n\u011bkde v Africe&#8230; Adopce stala se \u00fa\u017easnou formou, jak zachr\u00e1nit n\u011bco, co by bez spolupr\u00e1ce a pomoci zub \u010dasu zcela pohltil, jako to hroz\u00ed i varhan\u00e1m v kostele Nejsv\u011bt\u011bj\u0161\u00ed Trojice. Adopc\u00ed p\u00ed\u0161\u0165aly se st\u00e1v\u00e1te z\u00e1rove\u0148 [&hellip;]","og_url":"https:\/\/varhany.jindrichovice.cz\/?page_id=213","og_site_name":"Varhany pro Jind\u0159ichovice","article_publisher":"https:\/\/www.facebook.com\/profile.php?id=61576751080235","article_modified_time":"2025-09-05T19:18:04+00:00","twitter_card":"summary_large_image","twitter_misc":{"Odhadovan\u00e1 doba \u010dten\u00ed":"4 minuty"},"schema":{"@context":"https:\/\/schema.org","@graph":[{"@type":"WebPage","@id":"https:\/\/varhany.jindrichovice.cz\/?page_id=213","url":"https:\/\/varhany.jindrichovice.cz\/?page_id=213","name":"Adopce - Varhany pro Jind\u0159ichovice","isPartOf":{"@id":"https:\/\/varhany.jindrichovice.cz\/#website"},"primaryImageOfPage":{"@id":"https:\/\/varhany.jindrichovice.cz\/?page_id=213#primaryimage"},"image":{"@id":"https:\/\/varhany.jindrichovice.cz\/?page_id=213#primaryimage"},"thumbnailUrl":"https:\/\/varhany.jindrichovice.cz\/wp-content\/uploads\/2025\/05\/certifikat-podpis-VZOR-1024x724.png","datePublished":"2025-04-05T20:41:25+00:00","dateModified":"2025-09-05T19:18:04+00:00","breadcrumb":{"@id":"https:\/\/varhany.jindrichovice.cz\/?page_id=213#breadcrumb"},"inLanguage":"cs","potentialAction":[{"@type":"ReadAction","target":["https:\/\/varhany.jindrichovice.cz\/?page_id=213"]}]},{"@type":"ImageObject","inLanguage":"cs","@id":"https:\/\/varhany.jindrichovice.cz\/?page_id=213#primaryimage","url":"","contentUrl":""},{"@type":"BreadcrumbList","@id":"https:\/\/varhany.jindrichovice.cz\/?page_id=213#breadcrumb","itemListElement":[{"@type":"ListItem","position":1,"name":"Dom\u016f","item":"https:\/\/varhany.jindrichovice.cz\/"},{"@type":"ListItem","position":2,"name":"Adopce"}]},{"@type":"WebSite","@id":"https:\/\/varhany.jindrichovice.cz\/#website","url":"https:\/\/varhany.jindrichovice.cz\/","name":"Varhany pro Jind\u0159ichovice","description":"adopce varhan","publisher":{"@id":"https:\/\/varhany.jindrichovice.cz\/#organization"},"alternateName":"adopce varhan","potentialAction":[{"@type":"SearchAction","target":{"@type":"EntryPoint","urlTemplate":"https:\/\/varhany.jindrichovice.cz\/?s={search_term_string}"},"query-input":{"@type":"PropertyValueSpecification","valueRequired":true,"valueName":"search_term_string"}}],"inLanguage":"cs"},{"@type":"Organization","@id":"https:\/\/varhany.jindrichovice.cz\/#organization","name":"Varhany pro Jind\u0159ichovice","url":"https:\/\/varhany.jindrichovice.cz\/","logo":{"@type":"ImageObject","inLanguage":"cs","@id":"https:\/\/varhany.jindrichovice.cz\/#\/schema\/logo\/image\/","url":"https:\/\/varhany.jindrichovice.cz\/wp-content\/uploads\/2025\/05\/cropped-logo-adopceram.png","contentUrl":"https:\/\/varhany.jindrichovice.cz\/wp-content\/uploads\/2025\/05\/cropped-logo-adopceram.png","width":512,"height":512,"caption":"Varhany pro Jind\u0159ichovice"},"image":{"@id":"https:\/\/varhany.jindrichovice.cz\/#\/schema\/logo\/image\/"},"sameAs":["https:\/\/www.facebook.com\/profile.php?id=61576751080235"]}]}},"_links":{"self":[{"href":"https:\/\/varhany.jindrichovice.cz\/index.php?rest_route=\/wp\/v2\/pages\/213","targetHints":{"allow":["GET"]}}],"collection":[{"href":"https:\/\/varhany.jindrichovice.cz\/index.php?rest_route=\/wp\/v2\/pages"}],"about":[{"href":"https:\/\/varhany.jindrichovice.cz\/index.php?rest_route=\/wp\/v2\/types\/page"}],"author":[{"embeddable":true,"href":"https:\/\/varhany.jindrichovice.cz\/index.php?rest_route=\/wp\/v2\/users\/2"}],"replies":[{"embeddable":true,"href":"https:\/\/varhany.jindrichovice.cz\/index.php?rest_route=%2Fwp%2Fv2%2Fcomments&post=213"}],"version-history":[{"count":33,"href":"https:\/\/varhany.jindrichovice.cz\/index.php?rest_route=\/wp\/v2\/pages\/213\/revisions"}],"predecessor-version":[{"id":807,"href":"https:\/\/varhany.jindrichovice.cz\/index.php?rest_route=\/wp\/v2\/pages\/213\/revisions\/807"}],"wp:attachment":[{"href":"https:\/\/varhany.jindrichovice.cz\/index.php?rest_route=%2Fwp%2Fv2%2Fmedia&parent=213"}],"curies":[{"name":"wp","href":"https:\/\/api.w.org\/{rel}","templated":true}]}}