{"id":209,"date":"2025-04-05T20:18:06","date_gmt":"2025-04-05T20:18:06","guid":{"rendered":"https:\/\/varhany.jindrichovice.cz\/?page_id=209"},"modified":"2025-12-29T10:08:10","modified_gmt":"2025-12-29T10:08:10","slug":"chci-prispet","status":"publish","type":"page","link":"https:\/\/varhany.jindrichovice.cz\/?page_id=209","title":{"rendered":"Chci p\u0159isp\u011bt"},"content":{"rendered":"<h2><strong>JDE TO I BEZ ADOPCE P\u00cd\u0160TALY? ANO!<\/strong><\/h2>\n<p><span style=\"font-weight: 400;\">Podpo\u0159it a jakkoliv p\u0159isp\u011bt na opravu jind\u0159ichovick\u00fdch varhan m\u016f\u017eete i jinak, bez nutnosti adopce konkr\u00e9tn\u00ed p\u00ed\u0161\u0165aly. <\/span><span style=\"font-weight: 400;\">A to <\/span><b>jednor\u00e1zov\u00fdm p\u0159\u00edsp\u011bvkem \/ darem.<\/b><\/p>\n<p><a href=\"https:\/\/varhany.jindrichovice.cz\/wp-content\/uploads\/2025\/05\/DSC_0122-scaled.jpg\"><img fetchpriority=\"high\" decoding=\"async\" class=\"aligncenter size-large wp-image-412\" src=\"https:\/\/varhany.jindrichovice.cz\/wp-content\/uploads\/2025\/05\/DSC_0122-1024x487.jpg\" alt=\"\" width=\"1024\" height=\"487\" \/><\/a><\/p>\n<h3><strong>Na v\u00fdb\u011br m\u00e1t<\/strong><strong>e z n\u011bkolika mo\u017eno<\/strong><strong>st\u00ed platby:<\/strong><\/h3>\n<p><span style=\"font-size: 16px;\">V\u00e1\u0161 dar m\u016f\u017eete uhradit tak\u00e9<\/span><span style=\"font-size: 16px;\">\u00a0<\/span><b style=\"font-size: 16px;\">pomoc\u00ed QR k\u00f3du<\/b><span style=\"font-size: 16px;\"> n\u00ed\u017ee \u2013 sta\u010d\u00ed si otev\u0159\u00edt mobiln\u00ed bankovnictv\u00ed, nam\u00ed\u0159it fotoapar\u00e1tem,\u00a0<\/span><b style=\"font-size: 16px;\">naskenovat QR k\u00f3d<\/b><span style=\"font-size: 16px;\">\u00a0<\/span><span style=\"font-size: 16px;\">ve Va\u0161\u00ed bankovn\u00ed aplikaci v telefonu, vyplnit libovolnou \u010d\u00e1stku, potvrdit platbu p\u0159es QR k\u00f3d a je to. Jako pozn\u00e1mku pro p\u0159\u00edjemce uve\u010fte <\/span><b style=\"font-size: 16px;\">SV\u00c9 P\u0158\u00cdJMEN\u00cd A JM\u00c9NO + P\u0158\u00cdSP\u011aVEK NA VARHANY bez adopce.<\/b><\/p>\n<p><a href=\"https:\/\/varhany.jindrichovice.cz\/wp-content\/uploads\/2025\/10\/QRCode_Obec-Jind-ichovice-pod-Smrkem.png\"><img decoding=\"async\" class=\"aligncenter wp-image-845 \" src=\"https:\/\/varhany.jindrichovice.cz\/wp-content\/uploads\/2025\/10\/QRCode_Obec-Jind-ichovice-pod-Smrkem.png\" alt=\"\" width=\"377\" height=\"412\" \/><\/a><\/p>\n<p>Darovat m\u016f\u017eete jakoukoliv \u010d\u00e1stku na <b>transparentn\u00ed \u00fa\u010det<\/b> Obec Jind\u0159ichovice pod Smrkem \u2013 <strong>Adopce varhan Jind\u0159ichovice pod Smrkem<\/strong>,<\/p>\n<div><strong><span class=\"font-semibold text-grey-200\">\u010c\u00edslo \u00fa\u010dtu:\u00a0<\/span>131-3644540217\/0100<\/strong><\/div>\n<p>Do pozn\u00e1mky pro p\u0159\u00edjemce uve\u010fte <b>SV\u00c9 P\u0158\u00cdJMEN\u00cd A JM\u00c9NO + P\u0158\u00cdSP\u011aVEK NA VARHANY bez adopce.<\/b><\/p>\n<p>P\u0159isp\u011bt na opravu varhan je mo\u017en\u00e9 <strong>i <\/strong><span class=\"OYPEnA font-feature-liga-off font-feature-clig-off font-feature-calt-off text-decoration-none text-strikethrough-none\"><strong>v kancel\u00e1\u0159i O\u00da Jind\u0159ichovice p. S.<\/strong> a p\u0159\u00edsp\u011bvek uhradit slo\u017eenkou na po\u0161t\u011b. V tom p\u0159\u00edpad\u011b je t\u0159eba po\u010d\u00edtat nav\u00edc s poplatkem za slo\u017eenku 57 K\u010d.<\/span><\/p>\n<p><a href=\"https:\/\/varhany.jindrichovice.cz\/wp-content\/uploads\/2025\/04\/IMG-20250325-WA0006.jpg\"><img class=\"aligncenter size-large wp-image-210\" alt=\"\" \/><\/a><\/p>\n<p><img class=\"aligncenter size-large wp-image-210\" alt=\"\" \/>Pokud budete p\u0159i p\u0159isp\u011bn\u00ed na varhany bez adopce p\u00ed\u0161\u0165aly po\u017eadovat <strong>potvrzen\u00ed o p\u0159evzet\u00ed daru pro pot\u0159eby dan\u00ed<\/strong>, nebo<strong> uveden\u00ed v seznamu patron\u016f<\/strong>, pros\u00edm kontaktujte n\u00e1s emailem na <a href=\"mailto:varhany@jindrichovice.cz\">varhany@jindrichovice.cz<\/a><\/p>\n<p>&nbsp;<\/p>\n<h3><b>D\u011bkujeme, \u017ee n\u00e1m pom\u00e1h\u00e1te rozezn\u00edt n\u00e1\u0161 kostel.<\/b><\/h3>\n<h3>Libovoln\u00fdm darem m\u016f\u017eete podpo\u0159it i rekonstrukci kostela Nejsv\u011bt\u011bj\u0161\u00ed Trojice. <strong>A to stejn\u00fdmi zp\u016fsoby jako v p\u0159\u00edpad\u011b daru pro varhany. Jen do pozn\u00e1mky pro p\u0159\u00edjemce uve\u010fte NA OPRAVU KOSTELA.<\/strong><\/h3>\n<p><a href=\"https:\/\/varhany.jindrichovice.cz\/wp-content\/uploads\/2025\/09\/letak-kostelQRmse.png\"><img decoding=\"async\" class=\"aligncenter wp-image-801 size-large\" src=\"https:\/\/varhany.jindrichovice.cz\/wp-content\/uploads\/2025\/09\/letak-kostelQRmse-724x1024.png\" alt=\"\" width=\"724\" height=\"1024\" \/><\/a><\/p>\n<p>&nbsp;<\/p>\n","protected":false},"excerpt":{"rendered":"<p>JDE TO I BEZ ADOPCE P\u00cd\u0160TALY? ANO! Podpo\u0159it a jakkoliv p\u0159isp\u011bt na opravu jind\u0159ichovick\u00fdch varhan m\u016f\u017eete i jinak, bez nutnosti adopce konkr\u00e9tn\u00ed p\u00ed\u0161\u0165aly. A to jednor\u00e1zov\u00fdm p\u0159\u00edsp\u011bvkem \/ darem. Na v\u00fdb\u011br m\u00e1te z n\u011bkolika mo\u017enost\u00ed platby: V\u00e1\u0161 dar m\u016f\u017eete uhradit tak\u00e9\u00a0pomoc\u00ed QR k\u00f3du n\u00ed\u017ee \u2013 sta\u010d\u00ed si otev\u0159\u00edt mobiln\u00ed bankovnictv\u00ed, nam\u00ed\u0159it fotoapar\u00e1tem,\u00a0naskenovat QR k\u00f3d\u00a0ve Va\u0161\u00ed [&hellip;]<\/p>\n","protected":false},"author":2,"featured_media":0,"parent":0,"menu_order":0,"comment_status":"closed","ping_status":"closed","template":"","meta":{"footnotes":""},"class_list":["post-209","page","type-page","status-publish","hentry"],"yoast_head":"<!-- This site is optimized with the Yoast SEO plugin v27.5 - https:\/\/yoast.com\/product\/yoast-seo-wordpress\/ -->\n<title>Chci p\u0159isp\u011bt - Varhany pro Jind\u0159ichovice<\/title>\n<meta name=\"robots\" content=\"index, follow, max-snippet:-1, max-image-preview:large, max-video-preview:-1\" \/>\n<link rel=\"canonical\" href=\"https:\/\/varhany.jindrichovice.cz\/?page_id=209\" \/>\n<meta property=\"og:locale\" content=\"cs_CZ\" \/>\n<meta property=\"og:type\" content=\"article\" \/>\n<meta property=\"og:title\" content=\"Chci p\u0159isp\u011bt - Varhany pro Jind\u0159ichovice\" \/>\n<meta property=\"og:description\" content=\"JDE TO I BEZ ADOPCE P\u00cd\u0160TALY? ANO! Podpo\u0159it a jakkoliv p\u0159isp\u011bt na opravu jind\u0159ichovick\u00fdch varhan m\u016f\u017eete i jinak, bez nutnosti adopce konkr\u00e9tn\u00ed p\u00ed\u0161\u0165aly. A to jednor\u00e1zov\u00fdm p\u0159\u00edsp\u011bvkem \/ darem. Na v\u00fdb\u011br m\u00e1te z n\u011bkolika mo\u017enost\u00ed platby: V\u00e1\u0161 dar m\u016f\u017eete uhradit tak\u00e9\u00a0pomoc\u00ed QR k\u00f3du n\u00ed\u017ee \u2013 sta\u010d\u00ed si otev\u0159\u00edt mobiln\u00ed bankovnictv\u00ed, nam\u00ed\u0159it fotoapar\u00e1tem,\u00a0naskenovat QR k\u00f3d\u00a0ve Va\u0161\u00ed [&hellip;]\" \/>\n<meta property=\"og:url\" content=\"https:\/\/varhany.jindrichovice.cz\/?page_id=209\" \/>\n<meta property=\"og:site_name\" content=\"Varhany pro Jind\u0159ichovice\" \/>\n<meta property=\"article:publisher\" content=\"https:\/\/www.facebook.com\/profile.php?id=61576751080235\" \/>\n<meta property=\"article:modified_time\" content=\"2025-12-29T10:08:10+00:00\" \/>\n<meta name=\"twitter:card\" content=\"summary_large_image\" \/>\n<meta name=\"twitter:label1\" content=\"Odhadovan\u00e1 doba \u010dten\u00ed\" \/>\n\t<meta name=\"twitter:data1\" content=\"3 minuty\" \/>\n<script type=\"application\/ld+json\" class=\"yoast-schema-graph\">{\"@context\":\"https:\\\/\\\/schema.org\",\"@graph\":[{\"@type\":\"WebPage\",\"@id\":\"https:\\\/\\\/varhany.jindrichovice.cz\\\/?page_id=209\",\"url\":\"https:\\\/\\\/varhany.jindrichovice.cz\\\/?page_id=209\",\"name\":\"Chci p\u0159isp\u011bt - Varhany pro Jind\u0159ichovice\",\"isPartOf\":{\"@id\":\"https:\\\/\\\/varhany.jindrichovice.cz\\\/#website\"},\"primaryImageOfPage\":{\"@id\":\"https:\\\/\\\/varhany.jindrichovice.cz\\\/?page_id=209#primaryimage\"},\"image\":{\"@id\":\"https:\\\/\\\/varhany.jindrichovice.cz\\\/?page_id=209#primaryimage\"},\"thumbnailUrl\":\"https:\\\/\\\/varhany.jindrichovice.cz\\\/wp-content\\\/uploads\\\/2025\\\/05\\\/DSC_0122-1024x487.jpg\",\"datePublished\":\"2025-04-05T20:18:06+00:00\",\"dateModified\":\"2025-12-29T10:08:10+00:00\",\"breadcrumb\":{\"@id\":\"https:\\\/\\\/varhany.jindrichovice.cz\\\/?page_id=209#breadcrumb\"},\"inLanguage\":\"cs\",\"potentialAction\":[{\"@type\":\"ReadAction\",\"target\":[\"https:\\\/\\\/varhany.jindrichovice.cz\\\/?page_id=209\"]}]},{\"@type\":\"ImageObject\",\"inLanguage\":\"cs\",\"@id\":\"https:\\\/\\\/varhany.jindrichovice.cz\\\/?page_id=209#primaryimage\",\"url\":\"\",\"contentUrl\":\"\"},{\"@type\":\"BreadcrumbList\",\"@id\":\"https:\\\/\\\/varhany.jindrichovice.cz\\\/?page_id=209#breadcrumb\",\"itemListElement\":[{\"@type\":\"ListItem\",\"position\":1,\"name\":\"Dom\u016f\",\"item\":\"https:\\\/\\\/varhany.jindrichovice.cz\\\/\"},{\"@type\":\"ListItem\",\"position\":2,\"name\":\"Chci p\u0159isp\u011bt\"}]},{\"@type\":\"WebSite\",\"@id\":\"https:\\\/\\\/varhany.jindrichovice.cz\\\/#website\",\"url\":\"https:\\\/\\\/varhany.jindrichovice.cz\\\/\",\"name\":\"Varhany pro Jind\u0159ichovice\",\"description\":\"adopce varhan\",\"publisher\":{\"@id\":\"https:\\\/\\\/varhany.jindrichovice.cz\\\/#organization\"},\"alternateName\":\"adopce varhan\",\"potentialAction\":[{\"@type\":\"SearchAction\",\"target\":{\"@type\":\"EntryPoint\",\"urlTemplate\":\"https:\\\/\\\/varhany.jindrichovice.cz\\\/?s={search_term_string}\"},\"query-input\":{\"@type\":\"PropertyValueSpecification\",\"valueRequired\":true,\"valueName\":\"search_term_string\"}}],\"inLanguage\":\"cs\"},{\"@type\":\"Organization\",\"@id\":\"https:\\\/\\\/varhany.jindrichovice.cz\\\/#organization\",\"name\":\"Varhany pro Jind\u0159ichovice\",\"url\":\"https:\\\/\\\/varhany.jindrichovice.cz\\\/\",\"logo\":{\"@type\":\"ImageObject\",\"inLanguage\":\"cs\",\"@id\":\"https:\\\/\\\/varhany.jindrichovice.cz\\\/#\\\/schema\\\/logo\\\/image\\\/\",\"url\":\"https:\\\/\\\/varhany.jindrichovice.cz\\\/wp-content\\\/uploads\\\/2025\\\/05\\\/cropped-logo-adopceram.png\",\"contentUrl\":\"https:\\\/\\\/varhany.jindrichovice.cz\\\/wp-content\\\/uploads\\\/2025\\\/05\\\/cropped-logo-adopceram.png\",\"width\":512,\"height\":512,\"caption\":\"Varhany pro Jind\u0159ichovice\"},\"image\":{\"@id\":\"https:\\\/\\\/varhany.jindrichovice.cz\\\/#\\\/schema\\\/logo\\\/image\\\/\"},\"sameAs\":[\"https:\\\/\\\/www.facebook.com\\\/profile.php?id=61576751080235\"]}]}<\/script>\n<!-- \/ Yoast SEO plugin. -->","yoast_head_json":{"title":"Chci p\u0159isp\u011bt - Varhany pro Jind\u0159ichovice","robots":{"index":"index","follow":"follow","max-snippet":"max-snippet:-1","max-image-preview":"max-image-preview:large","max-video-preview":"max-video-preview:-1"},"canonical":"https:\/\/varhany.jindrichovice.cz\/?page_id=209","og_locale":"cs_CZ","og_type":"article","og_title":"Chci p\u0159isp\u011bt - Varhany pro Jind\u0159ichovice","og_description":"JDE TO I BEZ ADOPCE P\u00cd\u0160TALY? ANO! Podpo\u0159it a jakkoliv p\u0159isp\u011bt na opravu jind\u0159ichovick\u00fdch varhan m\u016f\u017eete i jinak, bez nutnosti adopce konkr\u00e9tn\u00ed p\u00ed\u0161\u0165aly. A to jednor\u00e1zov\u00fdm p\u0159\u00edsp\u011bvkem \/ darem. Na v\u00fdb\u011br m\u00e1te z n\u011bkolika mo\u017enost\u00ed platby: V\u00e1\u0161 dar m\u016f\u017eete uhradit tak\u00e9\u00a0pomoc\u00ed QR k\u00f3du n\u00ed\u017ee \u2013 sta\u010d\u00ed si otev\u0159\u00edt mobiln\u00ed bankovnictv\u00ed, nam\u00ed\u0159it fotoapar\u00e1tem,\u00a0naskenovat QR k\u00f3d\u00a0ve Va\u0161\u00ed [&hellip;]","og_url":"https:\/\/varhany.jindrichovice.cz\/?page_id=209","og_site_name":"Varhany pro Jind\u0159ichovice","article_publisher":"https:\/\/www.facebook.com\/profile.php?id=61576751080235","article_modified_time":"2025-12-29T10:08:10+00:00","twitter_card":"summary_large_image","twitter_misc":{"Odhadovan\u00e1 doba \u010dten\u00ed":"3 minuty"},"schema":{"@context":"https:\/\/schema.org","@graph":[{"@type":"WebPage","@id":"https:\/\/varhany.jindrichovice.cz\/?page_id=209","url":"https:\/\/varhany.jindrichovice.cz\/?page_id=209","name":"Chci p\u0159isp\u011bt - Varhany pro Jind\u0159ichovice","isPartOf":{"@id":"https:\/\/varhany.jindrichovice.cz\/#website"},"primaryImageOfPage":{"@id":"https:\/\/varhany.jindrichovice.cz\/?page_id=209#primaryimage"},"image":{"@id":"https:\/\/varhany.jindrichovice.cz\/?page_id=209#primaryimage"},"thumbnailUrl":"https:\/\/varhany.jindrichovice.cz\/wp-content\/uploads\/2025\/05\/DSC_0122-1024x487.jpg","datePublished":"2025-04-05T20:18:06+00:00","dateModified":"2025-12-29T10:08:10+00:00","breadcrumb":{"@id":"https:\/\/varhany.jindrichovice.cz\/?page_id=209#breadcrumb"},"inLanguage":"cs","potentialAction":[{"@type":"ReadAction","target":["https:\/\/varhany.jindrichovice.cz\/?page_id=209"]}]},{"@type":"ImageObject","inLanguage":"cs","@id":"https:\/\/varhany.jindrichovice.cz\/?page_id=209#primaryimage","url":"","contentUrl":""},{"@type":"BreadcrumbList","@id":"https:\/\/varhany.jindrichovice.cz\/?page_id=209#breadcrumb","itemListElement":[{"@type":"ListItem","position":1,"name":"Dom\u016f","item":"https:\/\/varhany.jindrichovice.cz\/"},{"@type":"ListItem","position":2,"name":"Chci p\u0159isp\u011bt"}]},{"@type":"WebSite","@id":"https:\/\/varhany.jindrichovice.cz\/#website","url":"https:\/\/varhany.jindrichovice.cz\/","name":"Varhany pro Jind\u0159ichovice","description":"adopce varhan","publisher":{"@id":"https:\/\/varhany.jindrichovice.cz\/#organization"},"alternateName":"adopce varhan","potentialAction":[{"@type":"SearchAction","target":{"@type":"EntryPoint","urlTemplate":"https:\/\/varhany.jindrichovice.cz\/?s={search_term_string}"},"query-input":{"@type":"PropertyValueSpecification","valueRequired":true,"valueName":"search_term_string"}}],"inLanguage":"cs"},{"@type":"Organization","@id":"https:\/\/varhany.jindrichovice.cz\/#organization","name":"Varhany pro Jind\u0159ichovice","url":"https:\/\/varhany.jindrichovice.cz\/","logo":{"@type":"ImageObject","inLanguage":"cs","@id":"https:\/\/varhany.jindrichovice.cz\/#\/schema\/logo\/image\/","url":"https:\/\/varhany.jindrichovice.cz\/wp-content\/uploads\/2025\/05\/cropped-logo-adopceram.png","contentUrl":"https:\/\/varhany.jindrichovice.cz\/wp-content\/uploads\/2025\/05\/cropped-logo-adopceram.png","width":512,"height":512,"caption":"Varhany pro Jind\u0159ichovice"},"image":{"@id":"https:\/\/varhany.jindrichovice.cz\/#\/schema\/logo\/image\/"},"sameAs":["https:\/\/www.facebook.com\/profile.php?id=61576751080235"]}]}},"_links":{"self":[{"href":"https:\/\/varhany.jindrichovice.cz\/index.php?rest_route=\/wp\/v2\/pages\/209","targetHints":{"allow":["GET"]}}],"collection":[{"href":"https:\/\/varhany.jindrichovice.cz\/index.php?rest_route=\/wp\/v2\/pages"}],"about":[{"href":"https:\/\/varhany.jindrichovice.cz\/index.php?rest_route=\/wp\/v2\/types\/page"}],"author":[{"embeddable":true,"href":"https:\/\/varhany.jindrichovice.cz\/index.php?rest_route=\/wp\/v2\/users\/2"}],"replies":[{"embeddable":true,"href":"https:\/\/varhany.jindrichovice.cz\/index.php?rest_route=%2Fwp%2Fv2%2Fcomments&post=209"}],"version-history":[{"count":22,"href":"https:\/\/varhany.jindrichovice.cz\/index.php?rest_route=\/wp\/v2\/pages\/209\/revisions"}],"predecessor-version":[{"id":846,"href":"https:\/\/varhany.jindrichovice.cz\/index.php?rest_route=\/wp\/v2\/pages\/209\/revisions\/846"}],"wp:attachment":[{"href":"https:\/\/varhany.jindrichovice.cz\/index.php?rest_route=%2Fwp%2Fv2%2Fmedia&parent=209"}],"curies":[{"name":"wp","href":"https:\/\/api.w.org\/{rel}","templated":true}]}}