{"id":126,"date":"2025-01-31T22:00:42","date_gmt":"2025-01-31T22:00:42","guid":{"rendered":"https:\/\/varhany.jindrichovice.cz\/?page_id=126"},"modified":"2025-06-01T09:15:18","modified_gmt":"2025-06-01T09:15:18","slug":"restaurovani","status":"publish","type":"page","link":"https:\/\/varhany.jindrichovice.cz\/?page_id=126","title":{"rendered":"Restaurov\u00e1n\u00ed"},"content":{"rendered":"\r\n<h2><strong>OPRAVA VARHAN JE UM\u011aN\u00cd DEVATERA \u0158EMESEL<\/strong><\/h2>\r\n<p style=\"text-align: left;\"><strong>Kdy\u017e se \u0159ekne \u201erestaurov\u00e1n\u00ed varhan\u201c<\/strong>, m\u00e1lokdo si p\u0159edstav\u00ed kel\u00edmek se zaje\u010d\u00edm s\u00e1dlem na stole mistra varhan\u00e1\u0159e. A p\u0159esto \u2013 pr\u00e1v\u011b tento kuri\u00f3zn\u00ed materi\u00e1l se od nepam\u011bti pou\u017e\u00edv\u00e1 k lepen\u00ed drobn\u00fdch sou\u010d\u00e1stek v historick\u00fdch n\u00e1stroj\u00edch.<\/p>\r\n<p style=\"text-align: left;\">Ale varhany nejsou jen o zaje\u010d\u00edm s\u00e1dle a klihu!<\/p>\r\n<p><a href=\"https:\/\/varhany.jindrichovice.cz\/wp-content\/uploads\/2025\/05\/DSC_0048-1-scaled.jpg\"><img fetchpriority=\"high\" decoding=\"async\" class=\"aligncenter wp-image-431 size-full\" src=\"https:\/\/varhany.jindrichovice.cz\/wp-content\/uploads\/2025\/05\/DSC_0048-1-scaled.jpg\" alt=\"\" width=\"2560\" height=\"1340\" \/><\/a><\/p>\r\n<h4><strong>Jak tedy prob\u00edh\u00e1 jejich obnova?<\/strong><\/h4>\r\n<p>Co v\u0161echno se mus\u00ed ud\u011blat, aby se jejich hlas op\u011bt rozezn\u011bl v pln\u00e9 kr\u00e1se? Poj\u010fme se pod\u00edvat na fascinuj\u00edc\u00ed cestu za z\u00e1chranou jednoho z nejimpozantn\u011bj\u0161\u00edch hudebn\u00edch n\u00e1stroj\u016f historie.<\/p>\r\n<p>P\u0159ed demont\u00e1\u017e\u00ed n\u00e1stroje se zjist\u00ed tlak vzduchu a v\u00fd\u0161ka lad\u011bn\u00ed. Toto bude zachov\u00e1no. Kontrola intonace v\u0161ech p\u00ed\u0161\u0165al prob\u011bhne v d\u00edln\u011b na intona\u010dn\u00ed stolici. Do intonace se bude zasahovat co nejm\u00e9n\u011b, aby byl zachov\u00e1n p\u016fvodn\u00ed zvukov\u00fd charakter n\u00e1stroje.<\/p>\r\n<p>Celkov\u00e9 lad\u011bn\u00ed prob\u011bhne po zprovozn\u011bn\u00ed n\u00e1stroje na p\u016fvodn\u00edm m\u00edst\u011b.<\/p>\r\n<h4><strong>Varhany a ioniza\u010dn\u00ed z\u00e1\u0159en\u00ed?<\/strong><\/h4>\r\n<p>V\u0161echny d\u0159ev\u011bn\u00e9 \u010d\u00e1sti varhan (sk\u0159\u00ed\u0148 apod.) budou p\u0159evezeny do radia\u010dn\u00ed komory, kde budou vystaveny po des\u00edtky hodin siln\u00e9mu gama z\u00e1\u0159en\u00ed.<\/p>\r\n<p>Zde nastupuje biologick\u00fd \u00fa\u010dinek radiace, tj. usmrcen\u00ed v\u0161ech \u017eiv\u00fdch organism\u016f v oza\u0159ovan\u00e9m objektu. Na z\u00e1v\u011br p\u0159ijde na \u0159adu chemie jako preventivn\u00ed ochrana.<\/p>\r\n<h4><strong>Materi\u00e1ly na opravu:<\/strong><\/h4>\r\n<ol>\r\n<li>d\u0159evo r\u016fzn\u00fdch druh\u016f<\/li>\r\n<li>c\u00edn, olovo, zinek a materi\u00e1ly pot\u0159ebn\u00e9 k c\u00edna\u0159sk\u00fdm oprav\u00e1m, mosazn\u00fd a ocelov\u00fd dr\u00e1t, mosazn\u00e9 a ocelov\u00e9 vruty<\/li>\r\n<li>k\u016f\u017ee ov\u010d\u00ed, koz\u00ed a hov\u011bz\u00ed<\/li>\r\n<li>klih kostn\u00ed, ko\u017en\u00ed i zaje\u010d\u00ed, disperzn\u00ed lepidla<\/li>\r\n<li>v\u010del\u00ed vosk, damara, karnaubsk\u00fd vosk, kalafuna<\/li>\r\n<li>grafit, l\u00edh, terpent\u00fdn<\/li>\r\n<li>Lignofix varhany III modifikovan\u00fd, \u0159ed\u011bn\u00fd v etanolu.<\/li>\r\n<li>Solakryl BT, xylen, toluen<\/li>\r\n<\/ol>\r\n<h4><strong>Dokumentace<\/strong><\/h4>\r\n<p>V pr\u016fb\u011bhu restaur\u00e1torsk\u00fdch prac\u00ed bude prov\u00e1d\u011bn pr\u016fzkum a dokumentace dle metodiky NPU. Bude pr\u016fb\u011b\u017en\u011b po\u0159izov\u00e1na fotodokumentace p\u0159ed restaurov\u00e1n\u00edm, b\u011bhem prac\u00ed a po ukon\u010den\u00ed restaurov\u00e1n\u00ed. Po kolaudaci bude p\u0159edlo\u017eena restaur\u00e1torsk\u00e1 zpr\u00e1va podle platn\u00e9 metodiky NPU.<\/p>\r\n<h4><strong>Odborn\u00e9 dokumenty:<\/strong><\/h4>\r\n<p>Restaur\u00e1torsk\u00fd z\u00e1m\u011br varhan\u00e1\u0159sk\u00e9 firmy \u017dloutkovi:\u00a0<a href=\"https:\/\/varhany.jindrichovice.cz\/wp-content\/uploads\/2025\/05\/Restauratorsky-zamer-varhan-J.p.S.pdf\" target=\"_blank\" rel=\"noopener\">Restaur\u00e1torsk\u00fd z\u00e1m\u011br jind\u0159ichovick\u00fdch varhan<\/a><\/p>\r\n<p>Popis radia\u010dn\u00edho o\u0161et\u0159en\u00ed historick\u00fdch p\u0159edm\u011bt\u016f: <a href=\"https:\/\/varhany.jindrichovice.cz\/wp-content\/uploads\/2025\/04\/Koncept-restauratorskeho-zameru_jindrich.-varhany.pdf\">Koncept restaur\u00e1torsk\u00e9ho z\u00e1m\u011bru jind\u0159ich. varhan<\/a><\/p>\r\n<p><img decoding=\"async\" class=\"wp-image-323 aligncenter\" src=\"https:\/\/varhany.jindrichovice.cz\/wp-content\/uploads\/2025\/05\/pozerky-pod-pistalami.png\" alt=\"\" width=\"510\" height=\"721\" \/><img decoding=\"async\" class=\"wp-image-321 aligncenter\" src=\"https:\/\/varhany.jindrichovice.cz\/wp-content\/uploads\/2025\/05\/cervotoc.png\" alt=\"\" width=\"510\" height=\"721\" \/><img loading=\"lazy\" decoding=\"async\" class=\"wp-image-324 aligncenter\" src=\"https:\/\/varhany.jindrichovice.cz\/wp-content\/uploads\/2025\/05\/klaviatura-1.png\" alt=\"\" width=\"509\" height=\"720\" \/><\/p>\r\n<p><img loading=\"lazy\" decoding=\"async\" class=\"wp-image-322 aligncenter\" src=\"https:\/\/varhany.jindrichovice.cz\/wp-content\/uploads\/2025\/05\/vzdusnice-a-pistaliste.png\" alt=\"\" width=\"510\" height=\"722\" \/><\/p>\r\n\r\n\r\n\r\n<div class=\"wp-block-columns is-layout-flex wp-container-core-columns-is-layout-28f84493 wp-block-columns-is-layout-flex\">\r\n<div class=\"wp-block-column is-layout-flow wp-block-column-is-layout-flow\" style=\"flex-basis: 100%;\"><\/div>\r\n<\/div>\r\n\r\n\r\n\r\n<div class=\"wp-block-columns is-layout-flex wp-container-core-columns-is-layout-28f84493 wp-block-columns-is-layout-flex\">\r\n<div class=\"wp-block-column is-layout-flow wp-block-column-is-layout-flow\" style=\"flex-basis: 100%;\"><\/div>\r\n<\/div>\r\n\r\n\r\n","protected":false},"excerpt":{"rendered":"<p>OPRAVA VARHAN JE UM\u011aN\u00cd DEVATERA \u0158EMESEL Kdy\u017e se \u0159ekne \u201erestaurov\u00e1n\u00ed varhan\u201c, m\u00e1lokdo si p\u0159edstav\u00ed kel\u00edmek se zaje\u010d\u00edm s\u00e1dlem na stole mistra varhan\u00e1\u0159e. A p\u0159esto \u2013 pr\u00e1v\u011b tento kuri\u00f3zn\u00ed materi\u00e1l se od nepam\u011bti pou\u017e\u00edv\u00e1 k lepen\u00ed drobn\u00fdch sou\u010d\u00e1stek v historick\u00fdch n\u00e1stroj\u00edch. Ale varhany nejsou jen o zaje\u010d\u00edm s\u00e1dle a klihu! Jak tedy prob\u00edh\u00e1 jejich obnova? Co [&hellip;]<\/p>\n","protected":false},"author":2,"featured_media":0,"parent":0,"menu_order":1,"comment_status":"closed","ping_status":"closed","template":"","meta":{"footnotes":""},"class_list":["post-126","page","type-page","status-publish","hentry"],"yoast_head":"<!-- This site is optimized with the Yoast SEO plugin v27.5 - https:\/\/yoast.com\/product\/yoast-seo-wordpress\/ -->\n<title>Restaurov\u00e1n\u00ed - Varhany pro Jind\u0159ichovice<\/title>\n<meta name=\"description\" content=\"Co v\u0161echno se mus\u00ed ud\u011blat, aby se jejich hlas op\u011bt rozezn\u011bl v pln\u00e9 kr\u00e1se? Na str\u00e1nce restaurov\u00e1n\u00ed se dozv\u00edte v\u0161echny podrobnosti.\" \/>\n<meta name=\"robots\" content=\"index, follow, max-snippet:-1, max-image-preview:large, max-video-preview:-1\" \/>\n<link rel=\"canonical\" href=\"https:\/\/varhany.jindrichovice.cz\/?page_id=126\" \/>\n<meta property=\"og:locale\" content=\"cs_CZ\" \/>\n<meta property=\"og:type\" content=\"article\" \/>\n<meta property=\"og:title\" content=\"Restaurov\u00e1n\u00ed - Varhany pro Jind\u0159ichovice\" \/>\n<meta property=\"og:description\" content=\"Co v\u0161echno se mus\u00ed ud\u011blat, aby se jejich hlas op\u011bt rozezn\u011bl v pln\u00e9 kr\u00e1se? Na str\u00e1nce restaurov\u00e1n\u00ed se dozv\u00edte v\u0161echny podrobnosti.\" \/>\n<meta property=\"og:url\" content=\"https:\/\/varhany.jindrichovice.cz\/?page_id=126\" \/>\n<meta property=\"og:site_name\" content=\"Varhany pro Jind\u0159ichovice\" \/>\n<meta property=\"article:publisher\" content=\"https:\/\/www.facebook.com\/profile.php?id=61576751080235\" \/>\n<meta property=\"article:modified_time\" content=\"2025-06-01T09:15:18+00:00\" \/>\n<meta name=\"twitter:card\" content=\"summary_large_image\" \/>\n<meta name=\"twitter:label1\" content=\"Odhadovan\u00e1 doba \u010dten\u00ed\" \/>\n\t<meta name=\"twitter:data1\" content=\"3 minuty\" \/>\n<script type=\"application\/ld+json\" class=\"yoast-schema-graph\">{\"@context\":\"https:\\\/\\\/schema.org\",\"@graph\":[{\"@type\":\"WebPage\",\"@id\":\"https:\\\/\\\/varhany.jindrichovice.cz\\\/?page_id=126\",\"url\":\"https:\\\/\\\/varhany.jindrichovice.cz\\\/?page_id=126\",\"name\":\"Restaurov\u00e1n\u00ed - Varhany pro Jind\u0159ichovice\",\"isPartOf\":{\"@id\":\"https:\\\/\\\/varhany.jindrichovice.cz\\\/#website\"},\"primaryImageOfPage\":{\"@id\":\"https:\\\/\\\/varhany.jindrichovice.cz\\\/?page_id=126#primaryimage\"},\"image\":{\"@id\":\"https:\\\/\\\/varhany.jindrichovice.cz\\\/?page_id=126#primaryimage\"},\"thumbnailUrl\":\"https:\\\/\\\/varhany.jindrichovice.cz\\\/wp-content\\\/uploads\\\/2025\\\/05\\\/DSC_0048-1-scaled.jpg\",\"datePublished\":\"2025-01-31T22:00:42+00:00\",\"dateModified\":\"2025-06-01T09:15:18+00:00\",\"description\":\"Co v\u0161echno se mus\u00ed ud\u011blat, aby se jejich hlas op\u011bt rozezn\u011bl v pln\u00e9 kr\u00e1se? Na str\u00e1nce restaurov\u00e1n\u00ed se dozv\u00edte v\u0161echny podrobnosti.\",\"breadcrumb\":{\"@id\":\"https:\\\/\\\/varhany.jindrichovice.cz\\\/?page_id=126#breadcrumb\"},\"inLanguage\":\"cs\",\"potentialAction\":[{\"@type\":\"ReadAction\",\"target\":[\"https:\\\/\\\/varhany.jindrichovice.cz\\\/?page_id=126\"]}]},{\"@type\":\"ImageObject\",\"inLanguage\":\"cs\",\"@id\":\"https:\\\/\\\/varhany.jindrichovice.cz\\\/?page_id=126#primaryimage\",\"url\":\"https:\\\/\\\/varhany.jindrichovice.cz\\\/wp-content\\\/uploads\\\/2025\\\/05\\\/DSC_0048-1-scaled.jpg\",\"contentUrl\":\"https:\\\/\\\/varhany.jindrichovice.cz\\\/wp-content\\\/uploads\\\/2025\\\/05\\\/DSC_0048-1-scaled.jpg\"},{\"@type\":\"BreadcrumbList\",\"@id\":\"https:\\\/\\\/varhany.jindrichovice.cz\\\/?page_id=126#breadcrumb\",\"itemListElement\":[{\"@type\":\"ListItem\",\"position\":1,\"name\":\"Dom\u016f\",\"item\":\"https:\\\/\\\/varhany.jindrichovice.cz\\\/\"},{\"@type\":\"ListItem\",\"position\":2,\"name\":\"Restaurov\u00e1n\u00ed\"}]},{\"@type\":\"WebSite\",\"@id\":\"https:\\\/\\\/varhany.jindrichovice.cz\\\/#website\",\"url\":\"https:\\\/\\\/varhany.jindrichovice.cz\\\/\",\"name\":\"Varhany pro Jind\u0159ichovice\",\"description\":\"adopce varhan\",\"publisher\":{\"@id\":\"https:\\\/\\\/varhany.jindrichovice.cz\\\/#organization\"},\"alternateName\":\"adopce varhan\",\"potentialAction\":[{\"@type\":\"SearchAction\",\"target\":{\"@type\":\"EntryPoint\",\"urlTemplate\":\"https:\\\/\\\/varhany.jindrichovice.cz\\\/?s={search_term_string}\"},\"query-input\":{\"@type\":\"PropertyValueSpecification\",\"valueRequired\":true,\"valueName\":\"search_term_string\"}}],\"inLanguage\":\"cs\"},{\"@type\":\"Organization\",\"@id\":\"https:\\\/\\\/varhany.jindrichovice.cz\\\/#organization\",\"name\":\"Varhany pro Jind\u0159ichovice\",\"url\":\"https:\\\/\\\/varhany.jindrichovice.cz\\\/\",\"logo\":{\"@type\":\"ImageObject\",\"inLanguage\":\"cs\",\"@id\":\"https:\\\/\\\/varhany.jindrichovice.cz\\\/#\\\/schema\\\/logo\\\/image\\\/\",\"url\":\"https:\\\/\\\/varhany.jindrichovice.cz\\\/wp-content\\\/uploads\\\/2025\\\/05\\\/cropped-logo-adopceram.png\",\"contentUrl\":\"https:\\\/\\\/varhany.jindrichovice.cz\\\/wp-content\\\/uploads\\\/2025\\\/05\\\/cropped-logo-adopceram.png\",\"width\":512,\"height\":512,\"caption\":\"Varhany pro Jind\u0159ichovice\"},\"image\":{\"@id\":\"https:\\\/\\\/varhany.jindrichovice.cz\\\/#\\\/schema\\\/logo\\\/image\\\/\"},\"sameAs\":[\"https:\\\/\\\/www.facebook.com\\\/profile.php?id=61576751080235\"]}]}<\/script>\n<!-- \/ Yoast SEO plugin. -->","yoast_head_json":{"title":"Restaurov\u00e1n\u00ed - Varhany pro Jind\u0159ichovice","description":"Co v\u0161echno se mus\u00ed ud\u011blat, aby se jejich hlas op\u011bt rozezn\u011bl v pln\u00e9 kr\u00e1se? Na str\u00e1nce restaurov\u00e1n\u00ed se dozv\u00edte v\u0161echny podrobnosti.","robots":{"index":"index","follow":"follow","max-snippet":"max-snippet:-1","max-image-preview":"max-image-preview:large","max-video-preview":"max-video-preview:-1"},"canonical":"https:\/\/varhany.jindrichovice.cz\/?page_id=126","og_locale":"cs_CZ","og_type":"article","og_title":"Restaurov\u00e1n\u00ed - Varhany pro Jind\u0159ichovice","og_description":"Co v\u0161echno se mus\u00ed ud\u011blat, aby se jejich hlas op\u011bt rozezn\u011bl v pln\u00e9 kr\u00e1se? Na str\u00e1nce restaurov\u00e1n\u00ed se dozv\u00edte v\u0161echny podrobnosti.","og_url":"https:\/\/varhany.jindrichovice.cz\/?page_id=126","og_site_name":"Varhany pro Jind\u0159ichovice","article_publisher":"https:\/\/www.facebook.com\/profile.php?id=61576751080235","article_modified_time":"2025-06-01T09:15:18+00:00","twitter_card":"summary_large_image","twitter_misc":{"Odhadovan\u00e1 doba \u010dten\u00ed":"3 minuty"},"schema":{"@context":"https:\/\/schema.org","@graph":[{"@type":"WebPage","@id":"https:\/\/varhany.jindrichovice.cz\/?page_id=126","url":"https:\/\/varhany.jindrichovice.cz\/?page_id=126","name":"Restaurov\u00e1n\u00ed - Varhany pro Jind\u0159ichovice","isPartOf":{"@id":"https:\/\/varhany.jindrichovice.cz\/#website"},"primaryImageOfPage":{"@id":"https:\/\/varhany.jindrichovice.cz\/?page_id=126#primaryimage"},"image":{"@id":"https:\/\/varhany.jindrichovice.cz\/?page_id=126#primaryimage"},"thumbnailUrl":"https:\/\/varhany.jindrichovice.cz\/wp-content\/uploads\/2025\/05\/DSC_0048-1-scaled.jpg","datePublished":"2025-01-31T22:00:42+00:00","dateModified":"2025-06-01T09:15:18+00:00","description":"Co v\u0161echno se mus\u00ed ud\u011blat, aby se jejich hlas op\u011bt rozezn\u011bl v pln\u00e9 kr\u00e1se? Na str\u00e1nce restaurov\u00e1n\u00ed se dozv\u00edte v\u0161echny podrobnosti.","breadcrumb":{"@id":"https:\/\/varhany.jindrichovice.cz\/?page_id=126#breadcrumb"},"inLanguage":"cs","potentialAction":[{"@type":"ReadAction","target":["https:\/\/varhany.jindrichovice.cz\/?page_id=126"]}]},{"@type":"ImageObject","inLanguage":"cs","@id":"https:\/\/varhany.jindrichovice.cz\/?page_id=126#primaryimage","url":"https:\/\/varhany.jindrichovice.cz\/wp-content\/uploads\/2025\/05\/DSC_0048-1-scaled.jpg","contentUrl":"https:\/\/varhany.jindrichovice.cz\/wp-content\/uploads\/2025\/05\/DSC_0048-1-scaled.jpg"},{"@type":"BreadcrumbList","@id":"https:\/\/varhany.jindrichovice.cz\/?page_id=126#breadcrumb","itemListElement":[{"@type":"ListItem","position":1,"name":"Dom\u016f","item":"https:\/\/varhany.jindrichovice.cz\/"},{"@type":"ListItem","position":2,"name":"Restaurov\u00e1n\u00ed"}]},{"@type":"WebSite","@id":"https:\/\/varhany.jindrichovice.cz\/#website","url":"https:\/\/varhany.jindrichovice.cz\/","name":"Varhany pro Jind\u0159ichovice","description":"adopce varhan","publisher":{"@id":"https:\/\/varhany.jindrichovice.cz\/#organization"},"alternateName":"adopce varhan","potentialAction":[{"@type":"SearchAction","target":{"@type":"EntryPoint","urlTemplate":"https:\/\/varhany.jindrichovice.cz\/?s={search_term_string}"},"query-input":{"@type":"PropertyValueSpecification","valueRequired":true,"valueName":"search_term_string"}}],"inLanguage":"cs"},{"@type":"Organization","@id":"https:\/\/varhany.jindrichovice.cz\/#organization","name":"Varhany pro Jind\u0159ichovice","url":"https:\/\/varhany.jindrichovice.cz\/","logo":{"@type":"ImageObject","inLanguage":"cs","@id":"https:\/\/varhany.jindrichovice.cz\/#\/schema\/logo\/image\/","url":"https:\/\/varhany.jindrichovice.cz\/wp-content\/uploads\/2025\/05\/cropped-logo-adopceram.png","contentUrl":"https:\/\/varhany.jindrichovice.cz\/wp-content\/uploads\/2025\/05\/cropped-logo-adopceram.png","width":512,"height":512,"caption":"Varhany pro Jind\u0159ichovice"},"image":{"@id":"https:\/\/varhany.jindrichovice.cz\/#\/schema\/logo\/image\/"},"sameAs":["https:\/\/www.facebook.com\/profile.php?id=61576751080235"]}]}},"_links":{"self":[{"href":"https:\/\/varhany.jindrichovice.cz\/index.php?rest_route=\/wp\/v2\/pages\/126","targetHints":{"allow":["GET"]}}],"collection":[{"href":"https:\/\/varhany.jindrichovice.cz\/index.php?rest_route=\/wp\/v2\/pages"}],"about":[{"href":"https:\/\/varhany.jindrichovice.cz\/index.php?rest_route=\/wp\/v2\/types\/page"}],"author":[{"embeddable":true,"href":"https:\/\/varhany.jindrichovice.cz\/index.php?rest_route=\/wp\/v2\/users\/2"}],"replies":[{"embeddable":true,"href":"https:\/\/varhany.jindrichovice.cz\/index.php?rest_route=%2Fwp%2Fv2%2Fcomments&post=126"}],"version-history":[{"count":19,"href":"https:\/\/varhany.jindrichovice.cz\/index.php?rest_route=\/wp\/v2\/pages\/126\/revisions"}],"predecessor-version":[{"id":538,"href":"https:\/\/varhany.jindrichovice.cz\/index.php?rest_route=\/wp\/v2\/pages\/126\/revisions\/538"}],"wp:attachment":[{"href":"https:\/\/varhany.jindrichovice.cz\/index.php?rest_route=%2Fwp%2Fv2%2Fmedia&parent=126"}],"curies":[{"name":"wp","href":"https:\/\/api.w.org\/{rel}","templated":true}]}}